{"id":168,"date":"2023-11-23T09:55:18","date_gmt":"2023-11-23T08:55:18","guid":{"rendered":"https:\/\/vernizy.fr\/?page_id=168"},"modified":"2023-11-23T10:14:37","modified_gmt":"2023-11-23T09:14:37","slug":"la-suite-parentale-3","status":"publish","type":"page","link":"https:\/\/vernizy.fr\/?page_id=168","title":{"rendered":"La suite parentale"},"content":{"rendered":"\n<figure class=\"wp-block-image size-full is-resized\"><img loading=\"lazy\" decoding=\"async\" width=\"594\" height=\"721\" src=\"http:\/\/vernizy.fr\/wp-content\/uploads\/2023\/11\/Suite_parentale-1.jpg\" alt=\"\" class=\"wp-image-107\" style=\"width:1022px;height:auto\" srcset=\"https:\/\/vernizy.fr\/wp-content\/uploads\/2023\/11\/Suite_parentale-1.jpg 594w, https:\/\/vernizy.fr\/wp-content\/uploads\/2023\/11\/Suite_parentale-1-247x300.jpg 247w\" sizes=\"(max-width: 594px) 100vw, 594px\" \/><\/figure>\n\n\n\n<p><a href=\"https:\/\/photos.app.goo.gl\/SiDcmvpJMWbF8dFe9\" target=\"_blank\" rel=\"noreferrer noopener\">5- (2020) : enduit\/redressage mur Salle de bain<\/a><\/p>\n\n\n\n<p><a href=\"https:\/\/photos.app.goo.gl\/wWRPgQPZrWNJbybV8\">4_ (2019\/2020) : murs porteurs et pose du plancher du 1er \u00e9tage<\/a><\/p>\n\n\n\n<p><a href=\"https:\/\/photos.app.goo.gl\/u6wmatLFwDza68kW7\">3_(2018\/2019) fondation murs porteurs, \u00e9vacuations<\/a><\/p>\n\n\n\n<p><a href=\"https:\/\/photos.app.goo.gl\/4swaiHE8bv4Xr6fm7\">2_(2018) : d\u00e9molitions (cloisons, plafond, d\u00e9caissement)<\/a><\/p>\n\n\n\n<p><a href=\"https:\/\/photos.app.goo.gl\/efwUJKq8G3twBMfv6\">1_(2018) d\u00e9buts d\u00e9molitions<\/a><\/p>\n\n\n\n<p><\/p>\n","protected":false},"excerpt":{"rendered":"<p>5- (2020) : enduit\/redressage mur Salle de bain 4_ (2019\/2020) : murs porteurs et pose du plancher du 1er \u00e9tage 3_(2018\/2019) fondation murs porteurs, \u00e9vacuations 2_(2018) : d\u00e9molitions (cloisons, plafond, d\u00e9caissement) 1_(2018) d\u00e9buts d\u00e9molitions<\/p>\n","protected":false},"author":1,"featured_media":97,"parent":157,"menu_order":0,"comment_status":"closed","ping_status":"closed","template":"","meta":{"_monsterinsights_skip_tracking":false,"_monsterinsights_sitenote_active":false,"_monsterinsights_sitenote_note":"","_monsterinsights_sitenote_category":0,"footnotes":""},"_links":{"self":[{"href":"https:\/\/vernizy.fr\/index.php?rest_route=\/wp\/v2\/pages\/168"}],"collection":[{"href":"https:\/\/vernizy.fr\/index.php?rest_route=\/wp\/v2\/pages"}],"about":[{"href":"https:\/\/vernizy.fr\/index.php?rest_route=\/wp\/v2\/types\/page"}],"author":[{"embeddable":true,"href":"https:\/\/vernizy.fr\/index.php?rest_route=\/wp\/v2\/users\/1"}],"replies":[{"embeddable":true,"href":"https:\/\/vernizy.fr\/index.php?rest_route=%2Fwp%2Fv2%2Fcomments&post=168"}],"version-history":[{"count":2,"href":"https:\/\/vernizy.fr\/index.php?rest_route=\/wp\/v2\/pages\/168\/revisions"}],"predecessor-version":[{"id":178,"href":"https:\/\/vernizy.fr\/index.php?rest_route=\/wp\/v2\/pages\/168\/revisions\/178"}],"up":[{"embeddable":true,"href":"https:\/\/vernizy.fr\/index.php?rest_route=\/wp\/v2\/pages\/157"}],"wp:featuredmedia":[{"embeddable":true,"href":"https:\/\/vernizy.fr\/index.php?rest_route=\/wp\/v2\/media\/97"}],"wp:attachment":[{"href":"https:\/\/vernizy.fr\/index.php?rest_route=%2Fwp%2Fv2%2Fmedia&parent=168"}],"curies":[{"name":"wp","href":"https:\/\/api.w.org\/{rel}","templated":true}]}}