{"id":184,"date":"2023-11-23T10:35:39","date_gmt":"2023-11-23T09:35:39","guid":{"rendered":"https:\/\/vernizy.fr\/?page_id=184"},"modified":"2023-11-23T10:38:19","modified_gmt":"2023-11-23T09:38:19","slug":"la-cuisine-2","status":"publish","type":"page","link":"https:\/\/vernizy.fr\/?page_id=184","title":{"rendered":"La cuisine"},"content":{"rendered":"\n<figure class=\"wp-block-image size-full\"><img loading=\"lazy\" decoding=\"async\" width=\"395\" height=\"739\" src=\"https:\/\/vernizy.fr\/wp-content\/uploads\/2023\/11\/Cuisine.jpg\" alt=\"\" class=\"wp-image-185\" srcset=\"https:\/\/vernizy.fr\/wp-content\/uploads\/2023\/11\/Cuisine.jpg 395w, https:\/\/vernizy.fr\/wp-content\/uploads\/2023\/11\/Cuisine-160x300.jpg 160w\" sizes=\"(max-width: 395px) 100vw, 395px\" \/><\/figure>\n\n\n\n<p><a target=\"_blank\" href=\"https:\/\/photos.app.goo.gl\/z2TN8YdFinCFPMav8\" rel=\"noreferrer noopener\">5 (2021) : enduits<\/a><\/p>\n\n\n\n<p><a href=\"https:\/\/photos.app.goo.gl\/wufLgMy2haXRQztm9\" target=\"_blank\" rel=\"noreferrer noopener\">4 (2019) projet cuisine, four \u00e0 pain, enduit<\/a><\/p>\n\n\n\n<p><a href=\"https:\/\/photos.app.goo.gl\/LcHNd1Pe3iAUXcGU8\" target=\"_blank\" rel=\"noreferrer noopener\">3 (2018-2019) : Reprise sous oeuvre, poteau, \u00e9vacuations<\/a><\/p>\n\n\n\n<p><a href=\"https:\/\/photos.app.goo.gl\/Nmksupox4UnJktRq6\" target=\"_blank\" rel=\"noreferrer noopener\">2 (2018) : D\u00e9pose escalier et cloison<\/a><\/p>\n\n\n\n<p><a target=\"_blank\" href=\"https:\/\/photos.app.goo.gl\/YofAtnD61qjwxYlK2\" rel=\"noreferrer noopener\">&nbsp;1 (2017-2018) : d\u00e9pose cloison, sol,&nbsp; d\u00e9caissement<\/a><\/p>\n\n\n\n<p><a href=\"https:\/\/photos.app.goo.gl\/KRgUAQbP2xPss5Hr5\" target=\"_blank\" rel=\"noreferrer noopener\">La pierre d&rsquo;\u00e9vier (2018)<\/a><\/p>\n\n\n\n<p><a href=\"https:\/\/photos.app.goo.gl\/g2rkLFaNyypCtdTz5\" target=\"_blank\" rel=\"noreferrer noopener\"><br>La terrasse (2018)<\/a><\/p>\n","protected":false},"excerpt":{"rendered":"<p>5 (2021) : enduits 4 (2019) projet cuisine, four \u00e0 pain, enduit 3 (2018-2019) : Reprise sous oeuvre, poteau, \u00e9vacuations 2 (2018) : D\u00e9pose escalier et cloison &nbsp;1 (2017-2018) : d\u00e9pose cloison, sol,&nbsp; d\u00e9caissement La pierre d&rsquo;\u00e9vier (2018) La terrasse (2018)<\/p>\n","protected":false},"author":1,"featured_media":185,"parent":157,"menu_order":0,"comment_status":"closed","ping_status":"closed","template":"","meta":{"_monsterinsights_skip_tracking":false,"_monsterinsights_sitenote_active":false,"_monsterinsights_sitenote_note":"","_monsterinsights_sitenote_category":0,"footnotes":""},"_links":{"self":[{"href":"https:\/\/vernizy.fr\/index.php?rest_route=\/wp\/v2\/pages\/184"}],"collection":[{"href":"https:\/\/vernizy.fr\/index.php?rest_route=\/wp\/v2\/pages"}],"about":[{"href":"https:\/\/vernizy.fr\/index.php?rest_route=\/wp\/v2\/types\/page"}],"author":[{"embeddable":true,"href":"https:\/\/vernizy.fr\/index.php?rest_route=\/wp\/v2\/users\/1"}],"replies":[{"embeddable":true,"href":"https:\/\/vernizy.fr\/index.php?rest_route=%2Fwp%2Fv2%2Fcomments&post=184"}],"version-history":[{"count":1,"href":"https:\/\/vernizy.fr\/index.php?rest_route=\/wp\/v2\/pages\/184\/revisions"}],"predecessor-version":[{"id":186,"href":"https:\/\/vernizy.fr\/index.php?rest_route=\/wp\/v2\/pages\/184\/revisions\/186"}],"up":[{"embeddable":true,"href":"https:\/\/vernizy.fr\/index.php?rest_route=\/wp\/v2\/pages\/157"}],"wp:featuredmedia":[{"embeddable":true,"href":"https:\/\/vernizy.fr\/index.php?rest_route=\/wp\/v2\/media\/185"}],"wp:attachment":[{"href":"https:\/\/vernizy.fr\/index.php?rest_route=%2Fwp%2Fv2%2Fmedia&parent=184"}],"curies":[{"name":"wp","href":"https:\/\/api.w.org\/{rel}","templated":true}]}}