{"id":188,"date":"2023-11-23T10:51:13","date_gmt":"2023-11-23T09:51:13","guid":{"rendered":"https:\/\/vernizy.fr\/?page_id=188"},"modified":"2023-11-23T10:53:04","modified_gmt":"2023-11-23T09:53:04","slug":"salle-a-la-manger","status":"publish","type":"page","link":"https:\/\/vernizy.fr\/?page_id=188","title":{"rendered":"Salle \u00e0 la manger"},"content":{"rendered":"\n<figure class=\"wp-block-image size-full\"><img loading=\"lazy\" decoding=\"async\" width=\"423\" height=\"655\" src=\"https:\/\/vernizy.fr\/wp-content\/uploads\/2023\/11\/Sejour.jpg\" alt=\"\" class=\"wp-image-189\" srcset=\"https:\/\/vernizy.fr\/wp-content\/uploads\/2023\/11\/Sejour.jpg 423w, https:\/\/vernizy.fr\/wp-content\/uploads\/2023\/11\/Sejour-194x300.jpg 194w\" sizes=\"(max-width: 423px) 100vw, 423px\" \/><\/figure>\n\n\n\n<p><a target=\"_blank\" href=\"https:\/\/photos.app.goo.gl\/nyxihYtu1LdJwch16\" rel=\"noreferrer noopener\">5 (2021) : Enduit tr\u00e9mie, jambages ouverture s\u00e9jour\/entr\u00e9e<\/a><\/p>\n\n\n\n<p><a href=\"https:\/\/photos.app.goo.gl\/rzrBFYg4Jv8piuLt7\" target=\"_blank\" rel=\"noreferrer noopener\">4 (2019) : D\u00e9pose enduit<\/a><\/p>\n\n\n\n<p><a href=\"https:\/\/photos.app.goo.gl\/QoFSHuDpdscFeHGZ7\" target=\"_blank\" rel=\"noreferrer noopener\">3 ( 2019)&nbsp; : D\u00e9pose enduit, d\u00e9jointoyage<\/a><a href=\"https:\/\/photos.app.goo.gl\/QoFSHuDpdscFeHGZ7\" target=\"_blank\" rel=\"noreferrer noopener\">&nbsp;&nbsp;&nbsp;<\/a><\/p>\n\n\n\n<p><a href=\"https:\/\/photos.app.goo.gl\/29zbAmibeo3EqcKm7\" target=\"_blank\" rel=\"noreferrer noopener\">2 (2018-2019)\u00a0 : D\u00e9pose chemin\u00e9e, drainage sol<\/a><strong><br><br><\/strong><a href=\"https:\/\/photos.app.goo.gl\/q7oc2Y2frCI5mGww1\" target=\"_blank\" rel=\"noreferrer noopener\">1 (2018) : d\u00e9pose des sols et d\u00e9caissement\u00a0<\/a><\/p>\n","protected":false},"excerpt":{"rendered":"<p>5 (2021) : Enduit tr\u00e9mie, jambages ouverture s\u00e9jour\/entr\u00e9e 4 (2019) : D\u00e9pose enduit 3 ( 2019)&nbsp; : D\u00e9pose enduit, d\u00e9jointoyage&nbsp;&nbsp;&nbsp; 2 (2018-2019)\u00a0 : D\u00e9pose chemin\u00e9e, drainage sol 1 (2018) : d\u00e9pose des sols et d\u00e9caissement\u00a0<\/p>\n","protected":false},"author":1,"featured_media":190,"parent":157,"menu_order":0,"comment_status":"closed","ping_status":"closed","template":"","meta":{"_monsterinsights_skip_tracking":false,"_monsterinsights_sitenote_active":false,"_monsterinsights_sitenote_note":"","_monsterinsights_sitenote_category":0,"footnotes":""},"_links":{"self":[{"href":"https:\/\/vernizy.fr\/index.php?rest_route=\/wp\/v2\/pages\/188"}],"collection":[{"href":"https:\/\/vernizy.fr\/index.php?rest_route=\/wp\/v2\/pages"}],"about":[{"href":"https:\/\/vernizy.fr\/index.php?rest_route=\/wp\/v2\/types\/page"}],"author":[{"embeddable":true,"href":"https:\/\/vernizy.fr\/index.php?rest_route=\/wp\/v2\/users\/1"}],"replies":[{"embeddable":true,"href":"https:\/\/vernizy.fr\/index.php?rest_route=%2Fwp%2Fv2%2Fcomments&post=188"}],"version-history":[{"count":1,"href":"https:\/\/vernizy.fr\/index.php?rest_route=\/wp\/v2\/pages\/188\/revisions"}],"predecessor-version":[{"id":191,"href":"https:\/\/vernizy.fr\/index.php?rest_route=\/wp\/v2\/pages\/188\/revisions\/191"}],"up":[{"embeddable":true,"href":"https:\/\/vernizy.fr\/index.php?rest_route=\/wp\/v2\/pages\/157"}],"wp:featuredmedia":[{"embeddable":true,"href":"https:\/\/vernizy.fr\/index.php?rest_route=\/wp\/v2\/media\/190"}],"wp:attachment":[{"href":"https:\/\/vernizy.fr\/index.php?rest_route=%2Fwp%2Fv2%2Fmedia&parent=188"}],"curies":[{"name":"wp","href":"https:\/\/api.w.org\/{rel}","templated":true}]}}