{"id":196,"date":"2023-11-23T10:56:06","date_gmt":"2023-11-23T09:56:06","guid":{"rendered":"https:\/\/vernizy.fr\/?page_id=196"},"modified":"2023-11-23T10:58:19","modified_gmt":"2023-11-23T09:58:19","slug":"salon","status":"publish","type":"page","link":"https:\/\/vernizy.fr\/?page_id=196","title":{"rendered":"Le salon"},"content":{"rendered":"\n<figure class=\"wp-block-image size-full\"><img loading=\"lazy\" decoding=\"async\" width=\"383\" height=\"686\" src=\"https:\/\/vernizy.fr\/wp-content\/uploads\/2023\/11\/Salon.jpg\" alt=\"\" class=\"wp-image-197\" srcset=\"https:\/\/vernizy.fr\/wp-content\/uploads\/2023\/11\/Salon.jpg 383w, https:\/\/vernizy.fr\/wp-content\/uploads\/2023\/11\/Salon-167x300.jpg 167w\" sizes=\"(max-width: 383px) 100vw, 383px\" \/><\/figure>\n\n\n\n<p><a target=\"_blank\" href=\"https:\/\/photos.app.goo.gl\/L2xBYK7yziCA8zeq9\" rel=\"noreferrer noopener\">4 (2021) cablage + enduit<\/a><br><strong>&nbsp;&nbsp;&nbsp;&nbsp;&nbsp;&nbsp;&nbsp;&nbsp;&nbsp;&nbsp;&nbsp;&nbsp;&nbsp;&nbsp;&nbsp;&nbsp;&nbsp;&nbsp;&nbsp;<br><\/strong><a href=\"https:\/\/photos.app.goo.gl\/Fa4x5xwWGeWpNGs78\" target=\"_blank\" rel=\"noreferrer noopener\"><strong>3 (2019) : d\u00e9jointoyage<\/strong><\/a><br><strong>&nbsp;&nbsp; &nbsp; &nbsp; &nbsp; &nbsp; &nbsp; &nbsp; &nbsp; &nbsp;<br><\/strong><a href=\"https:\/\/photos.app.goo.gl\/9s4wsgyb8ahKi6jA7\" target=\"_blank\" rel=\"noreferrer noopener\"><strong>2 (2018-2019) : D\u00e9pose du placard mural, drainage du sol<\/strong><\/a><\/p>\n\n\n\n<p><a target=\"_blank\" href=\"https:\/\/photos.app.goo.gl\/3aZJEcSXART2s3su1\" rel=\"noreferrer noopener\">1 (2017-2018) : D\u00e9pose des cloisons, sols, enduits, doublages, d\u00e9caissement<\/a><\/p>\n","protected":false},"excerpt":{"rendered":"<p>4 (2021) cablage + enduit&nbsp;&nbsp;&nbsp;&nbsp;&nbsp;&nbsp;&nbsp;&nbsp;&nbsp;&nbsp;&nbsp;&nbsp;&nbsp;&nbsp;&nbsp;&nbsp;&nbsp;&nbsp;&nbsp;3 (2019) : d\u00e9jointoyage&nbsp;&nbsp; &nbsp; &nbsp; &nbsp; &nbsp; &nbsp; &nbsp; &nbsp; &nbsp;2 (2018-2019) : D\u00e9pose du placard mural, drainage du sol 1 (2017-2018) : D\u00e9pose des cloisons, sols, enduits, doublages, d\u00e9caissement<\/p>\n","protected":false},"author":1,"featured_media":198,"parent":157,"menu_order":0,"comment_status":"closed","ping_status":"closed","template":"","meta":{"_monsterinsights_skip_tracking":false,"_monsterinsights_sitenote_active":false,"_monsterinsights_sitenote_note":"","_monsterinsights_sitenote_category":0,"footnotes":""},"_links":{"self":[{"href":"https:\/\/vernizy.fr\/index.php?rest_route=\/wp\/v2\/pages\/196"}],"collection":[{"href":"https:\/\/vernizy.fr\/index.php?rest_route=\/wp\/v2\/pages"}],"about":[{"href":"https:\/\/vernizy.fr\/index.php?rest_route=\/wp\/v2\/types\/page"}],"author":[{"embeddable":true,"href":"https:\/\/vernizy.fr\/index.php?rest_route=\/wp\/v2\/users\/1"}],"replies":[{"embeddable":true,"href":"https:\/\/vernizy.fr\/index.php?rest_route=%2Fwp%2Fv2%2Fcomments&post=196"}],"version-history":[{"count":3,"href":"https:\/\/vernizy.fr\/index.php?rest_route=\/wp\/v2\/pages\/196\/revisions"}],"predecessor-version":[{"id":202,"href":"https:\/\/vernizy.fr\/index.php?rest_route=\/wp\/v2\/pages\/196\/revisions\/202"}],"up":[{"embeddable":true,"href":"https:\/\/vernizy.fr\/index.php?rest_route=\/wp\/v2\/pages\/157"}],"wp:featuredmedia":[{"embeddable":true,"href":"https:\/\/vernizy.fr\/index.php?rest_route=\/wp\/v2\/media\/198"}],"wp:attachment":[{"href":"https:\/\/vernizy.fr\/index.php?rest_route=%2Fwp%2Fv2%2Fmedia&parent=196"}],"curies":[{"name":"wp","href":"https:\/\/api.w.org\/{rel}","templated":true}]}}