{"id":2,"date":"2023-11-19T11:51:55","date_gmt":"2023-11-19T10:51:55","guid":{"rendered":"http:\/\/vernizy.fr\/?page_id=2"},"modified":"2023-11-24T14:11:32","modified_gmt":"2023-11-24T13:11:32","slug":"accueil","status":"publish","type":"page","link":"https:\/\/vernizy.fr\/","title":{"rendered":"Accueil"},"content":{"rendered":"\n<p>Comme plusieurs d&rsquo;entre vous nous demandent r\u00e9guli\u00e8rement des nouvelles de l&rsquo;avancement du projet<br>et qu&rsquo;il n&rsquo;est pas vraiment facile de r\u00e9pondre juste par quelques mots \u00e0 cette vaste question, tant \u00a0les choses \u00e0 dire peuvent \u00eatre nombreuses et complexes&#8230;<br>Nous vous proposons donc de pouvoir suivre ici les diff\u00e9rentes \u00e9tapes de l&rsquo;aventure&#8230;.<\/p>\n\n\n\n<p>Depuis fin 2017, les fa\u00e7ades ont quelque peu chang\u00e9es&#8230;. les int\u00e9rieurs aussi &#8230; de m\u00eame que l&rsquo;environnement des b\u00e2timents &#8230; ainsi que ceux qui r\u00e9alisent les travaux&#8230; !!!<\/p>\n\n\n\n<p>Mais que reste-t-il encore \u00e0 faire ? Le gros oeuvre est termin\u00e9. Reste le second oeuvre : placo, enduits &#8230; et les finitions.  Et puis&#8230;. une piscine, un pool-house&#8230;. un garage&#8230;. des box pour chevaux&#8230;. <\/p>\n\n\n\n<p>Nous ne sommes donc encore pas au bout du bout &#8230;. mais nous ne voyons plus de point le d\u00e9part, signe que les choses avancent &#8230;<\/p>\n","protected":false},"excerpt":{"rendered":"<p>Comme plusieurs d&rsquo;entre vous nous demandent r\u00e9guli\u00e8rement des nouvelles de l&rsquo;avancement du projetet qu&rsquo;il n&rsquo;est pas vraiment facile de r\u00e9pondre juste par quelques mots \u00e0 cette vaste question, tant \u00a0les choses \u00e0 dire peuvent \u00eatre nombreuses et complexes&#8230;Nous vous proposons donc de pouvoir suivre ici les diff\u00e9rentes \u00e9tapes de l&rsquo;aventure&#8230;. [&hellip;]<\/p>\n","protected":false},"author":1,"featured_media":279,"parent":0,"menu_order":0,"comment_status":"closed","ping_status":"closed","template":"","meta":{"_monsterinsights_skip_tracking":false,"_monsterinsights_sitenote_active":false,"_monsterinsights_sitenote_note":"","_monsterinsights_sitenote_category":0,"footnotes":""},"_links":{"self":[{"href":"https:\/\/vernizy.fr\/index.php?rest_route=\/wp\/v2\/pages\/2"}],"collection":[{"href":"https:\/\/vernizy.fr\/index.php?rest_route=\/wp\/v2\/pages"}],"about":[{"href":"https:\/\/vernizy.fr\/index.php?rest_route=\/wp\/v2\/types\/page"}],"author":[{"embeddable":true,"href":"https:\/\/vernizy.fr\/index.php?rest_route=\/wp\/v2\/users\/1"}],"replies":[{"embeddable":true,"href":"https:\/\/vernizy.fr\/index.php?rest_route=%2Fwp%2Fv2%2Fcomments&post=2"}],"version-history":[{"count":4,"href":"https:\/\/vernizy.fr\/index.php?rest_route=\/wp\/v2\/pages\/2\/revisions"}],"predecessor-version":[{"id":493,"href":"https:\/\/vernizy.fr\/index.php?rest_route=\/wp\/v2\/pages\/2\/revisions\/493"}],"wp:featuredmedia":[{"embeddable":true,"href":"https:\/\/vernizy.fr\/index.php?rest_route=\/wp\/v2\/media\/279"}],"wp:attachment":[{"href":"https:\/\/vernizy.fr\/index.php?rest_route=%2Fwp%2Fv2%2Fmedia&parent=2"}],"curies":[{"name":"wp","href":"https:\/\/api.w.org\/{rel}","templated":true}]}}