{"id":205,"date":"2023-11-23T11:06:06","date_gmt":"2023-11-23T10:06:06","guid":{"rendered":"https:\/\/vernizy.fr\/?page_id=205"},"modified":"2023-11-23T11:20:38","modified_gmt":"2023-11-23T10:20:38","slug":"sas-wc","status":"publish","type":"page","link":"https:\/\/vernizy.fr\/?page_id=205","title":{"rendered":"SAS \/ WC"},"content":{"rendered":"\n<figure class=\"wp-block-image size-full\"><img loading=\"lazy\" decoding=\"async\" width=\"176\" height=\"335\" src=\"https:\/\/vernizy.fr\/wp-content\/uploads\/2023\/11\/sas.jpg\" alt=\"\" class=\"wp-image-206\" srcset=\"https:\/\/vernizy.fr\/wp-content\/uploads\/2023\/11\/sas.jpg 176w, https:\/\/vernizy.fr\/wp-content\/uploads\/2023\/11\/sas-158x300.jpg 158w\" sizes=\"(max-width: 176px) 100vw, 176px\" \/><\/figure>\n\n\n\n<p><a href=\"https:\/\/photos.app.goo.gl\/BbpjzGDXPn1NbZ5E8\"><a href=\"https:\/\/photos.app.goo.gl\/BbpjzGDXPn1NbZ5E8\" target=\"_blank\" rel=\"noreferrer noopener\">1 (2018-2019) : d\u00e9pose de l&rsquo;escalier, plafond, sol, d\u00e9caissement, \u00e9vacuation<\/a><\/a><\/p>\n","protected":false},"excerpt":{"rendered":"<p>1 (2018-2019) : d\u00e9pose de l&rsquo;escalier, plafond, sol, d\u00e9caissement, \u00e9vacuation<\/p>\n","protected":false},"author":1,"featured_media":207,"parent":157,"menu_order":0,"comment_status":"closed","ping_status":"closed","template":"","meta":{"_monsterinsights_skip_tracking":false,"_monsterinsights_sitenote_active":false,"_monsterinsights_sitenote_note":"","_monsterinsights_sitenote_category":0,"footnotes":""},"_links":{"self":[{"href":"https:\/\/vernizy.fr\/index.php?rest_route=\/wp\/v2\/pages\/205"}],"collection":[{"href":"https:\/\/vernizy.fr\/index.php?rest_route=\/wp\/v2\/pages"}],"about":[{"href":"https:\/\/vernizy.fr\/index.php?rest_route=\/wp\/v2\/types\/page"}],"author":[{"embeddable":true,"href":"https:\/\/vernizy.fr\/index.php?rest_route=\/wp\/v2\/users\/1"}],"replies":[{"embeddable":true,"href":"https:\/\/vernizy.fr\/index.php?rest_route=%2Fwp%2Fv2%2Fcomments&post=205"}],"version-history":[{"count":2,"href":"https:\/\/vernizy.fr\/index.php?rest_route=\/wp\/v2\/pages\/205\/revisions"}],"predecessor-version":[{"id":221,"href":"https:\/\/vernizy.fr\/index.php?rest_route=\/wp\/v2\/pages\/205\/revisions\/221"}],"up":[{"embeddable":true,"href":"https:\/\/vernizy.fr\/index.php?rest_route=\/wp\/v2\/pages\/157"}],"wp:featuredmedia":[{"embeddable":true,"href":"https:\/\/vernizy.fr\/index.php?rest_route=\/wp\/v2\/media\/207"}],"wp:attachment":[{"href":"https:\/\/vernizy.fr\/index.php?rest_route=%2Fwp%2Fv2%2Fmedia&parent=205"}],"curies":[{"name":"wp","href":"https:\/\/api.w.org\/{rel}","templated":true}]}}