{"id":229,"date":"2023-11-23T13:22:22","date_gmt":"2023-11-23T12:22:22","guid":{"rendered":"https:\/\/vernizy.fr\/?page_id=229"},"modified":"2023-11-24T13:23:28","modified_gmt":"2023-11-24T12:23:28","slug":"informations","status":"publish","type":"page","link":"https:\/\/vernizy.fr\/?page_id=229","title":{"rendered":"Informations"},"content":{"rendered":"\n<p><strong>Fonctionnement du site :<\/strong><\/p>\n\n\n\n<p>    <small>La page d&rsquo;accueil donne acc\u00e8s aux pages qui permettent de s\u00e9lectionner des diaporamas class\u00e9s par th\u00e8mes\/pi\u00e8ces; les albums-photos correspondant aux diaporamas sont h\u00e9berg\u00e9s sur \u00ab\u00a0Google photos\u00a0\u00bb<\/small><\/p>\n\n\n\n<p><small><br>&nbsp; &nbsp; &nbsp;En cliquant sur un lien des diff\u00e9rents th\u00e8mes, une nouvelle fen\u00eatre s&rsquo;ouvre donnant acc\u00e8s \u00e0 toutes les photos de l&rsquo;album correspondant.<\/small><\/p>\n\n\n\n<p><small><br>&nbsp; &nbsp; &nbsp;Pour &nbsp;voir les photos de l&rsquo;album \u00ab\u00a0en diaporama\u00a0\u00bb, cliquer sur la premi\u00e8re photo ; vous pouvez naviguer ensuite dans le diaporama avec les fl\u00e8ches &lt;&#8211; &nbsp;ou &#8211;&gt; du clavier.<br><br>&nbsp; &nbsp; &nbsp;Une fois la consultation d&rsquo;un album termin\u00e9e, il est conseill\u00e9 de fermer la fen\u00eatre \u00ab\u00a0Google photos\u00a0\u00bb pour naviguer et choisir un autre diaporama \u00e0 partir de ce site&#8230; <\/small><\/p>\n\n\n\n<p>Le site permettant l&rsquo;acc\u00e8s \u00e0 de nombreuses photos, il est fortement conseill\u00e9 de le consulter \u00e0 partir d&rsquo;un \u00e9cran cons\u00e9quent&#8230;<small><br><\/small><\/p>\n\n\n\n<p><small><br>&nbsp; &nbsp; &nbsp; &nbsp; &nbsp; &nbsp; &nbsp; &nbsp; &nbsp; &nbsp; &nbsp; &nbsp; &nbsp; &nbsp; &nbsp; &nbsp; &nbsp; &nbsp; &nbsp; &nbsp; &nbsp; &nbsp; &nbsp; &nbsp; &nbsp; &nbsp; &nbsp; &nbsp; &nbsp; &nbsp; &nbsp; &nbsp; &nbsp; &nbsp; &nbsp; &nbsp; &nbsp; &nbsp; &nbsp; &nbsp; &nbsp; &nbsp; &nbsp; &nbsp; &nbsp; &nbsp; &nbsp; &nbsp; &nbsp; &nbsp; Bonne navigation !<\/small><\/p>\n\n\n\n<p><\/p>\n\n\n\n<p><\/p>\n","protected":false},"excerpt":{"rendered":"<p>Fonctionnement du site : La page d&rsquo;accueil donne acc\u00e8s aux pages qui permettent de s\u00e9lectionner des diaporamas class\u00e9s par th\u00e8mes\/pi\u00e8ces; les albums-photos correspondant aux diaporamas sont h\u00e9berg\u00e9s sur \u00ab\u00a0Google photos\u00a0\u00bb &nbsp; &nbsp; &nbsp;En cliquant sur un lien des diff\u00e9rents th\u00e8mes, une nouvelle fen\u00eatre s&rsquo;ouvre donnant acc\u00e8s \u00e0 toutes les photos [&hellip;]<\/p>\n","protected":false},"author":1,"featured_media":230,"parent":0,"menu_order":0,"comment_status":"closed","ping_status":"closed","template":"","meta":{"_monsterinsights_skip_tracking":false,"_monsterinsights_sitenote_active":false,"_monsterinsights_sitenote_note":"","_monsterinsights_sitenote_category":0,"footnotes":""},"_links":{"self":[{"href":"https:\/\/vernizy.fr\/index.php?rest_route=\/wp\/v2\/pages\/229"}],"collection":[{"href":"https:\/\/vernizy.fr\/index.php?rest_route=\/wp\/v2\/pages"}],"about":[{"href":"https:\/\/vernizy.fr\/index.php?rest_route=\/wp\/v2\/types\/page"}],"author":[{"embeddable":true,"href":"https:\/\/vernizy.fr\/index.php?rest_route=\/wp\/v2\/users\/1"}],"replies":[{"embeddable":true,"href":"https:\/\/vernizy.fr\/index.php?rest_route=%2Fwp%2Fv2%2Fcomments&post=229"}],"version-history":[{"count":4,"href":"https:\/\/vernizy.fr\/index.php?rest_route=\/wp\/v2\/pages\/229\/revisions"}],"predecessor-version":[{"id":471,"href":"https:\/\/vernizy.fr\/index.php?rest_route=\/wp\/v2\/pages\/229\/revisions\/471"}],"wp:featuredmedia":[{"embeddable":true,"href":"https:\/\/vernizy.fr\/index.php?rest_route=\/wp\/v2\/media\/230"}],"wp:attachment":[{"href":"https:\/\/vernizy.fr\/index.php?rest_route=%2Fwp%2Fv2%2Fmedia&parent=229"}],"curies":[{"name":"wp","href":"https:\/\/api.w.org\/{rel}","templated":true}]}}