{"id":240,"date":"2023-11-23T13:35:51","date_gmt":"2023-11-23T12:35:51","guid":{"rendered":"https:\/\/vernizy.fr\/?page_id=240"},"modified":"2023-11-24T11:56:12","modified_gmt":"2023-11-24T10:56:12","slug":"les-news","status":"publish","type":"page","link":"https:\/\/vernizy.fr\/?page_id=240","title":{"rendered":"Les NEWS"},"content":{"rendered":"\n<p><a href=\"https:\/\/vernizy.fr\/?page_id=367\"><strong>Avril 2022&nbsp;<\/strong>: on avance&#8230;on avance&#8230;on avance &#8230;.c&rsquo;est une \u00e9vidence&#8230;&nbsp; &nbsp; :<\/a><\/p>\n\n\n\n<p><a href=\"https:\/\/vernizy.fr\/?page_id=359\"><strong>Novembre 2020<\/strong>: Des nouvelles du chantier &nbsp; :<\/a><a href=\"news_2020_02.html\"><\/a><\/p>\n\n\n\n<p><a href=\"https:\/\/vernizy.fr\/?page_id=337\"><strong>Janvier 2020<\/strong>: Bonne Ann\u00e9e&nbsp; !!! &nbsp;:<\/a><\/p>\n\n\n\n<p><a href=\"https:\/\/vernizy.fr\/?page_id=327\"><strong>Ao\u00fbt\u00a0<\/strong>\u00a0\u00a02019: le chantier continue ! :<\/a><\/p>\n\n\n\n<p><a href=\"https:\/\/vernizy.fr\/?page_id=304\"><strong>Janvier<\/strong>&nbsp;&nbsp;2019: Bonne Ann\u00e9e !!!&nbsp; :<\/a><\/p>\n\n\n\n<p><a href=\"https:\/\/vernizy.fr\/?page_id=283\"><strong>Septembre<\/strong>&nbsp;&nbsp;2018 : FINI LES VACANCES !!! :<\/a><\/p>\n\n\n\n<p><a href=\"https:\/\/vernizy.fr\/?page_id=243\">Mai&nbsp;&nbsp;2018 : Le mot&nbsp;<s>de la fin&nbsp;<\/s>du d\u00e9but :<\/a><\/p>\n","protected":false},"excerpt":{"rendered":"<p>Avril 2022&nbsp;: on avance&#8230;on avance&#8230;on avance &#8230;.c&rsquo;est une \u00e9vidence&#8230;&nbsp; &nbsp; : Novembre 2020: Des nouvelles du chantier &nbsp; : Janvier 2020: Bonne Ann\u00e9e&nbsp; !!! &nbsp;: Ao\u00fbt\u00a0\u00a0\u00a02019: le chantier continue ! : Janvier&nbsp;&nbsp;2019: Bonne Ann\u00e9e !!!&nbsp; : Septembre&nbsp;&nbsp;2018 : FINI LES VACANCES !!! : Mai&nbsp;&nbsp;2018 : Le mot&nbsp;de la fin&nbsp;du d\u00e9but [&hellip;]<\/p>\n","protected":false},"author":1,"featured_media":241,"parent":0,"menu_order":0,"comment_status":"closed","ping_status":"closed","template":"","meta":{"_monsterinsights_skip_tracking":false,"_monsterinsights_sitenote_active":false,"_monsterinsights_sitenote_note":"","_monsterinsights_sitenote_category":0,"footnotes":""},"_links":{"self":[{"href":"https:\/\/vernizy.fr\/index.php?rest_route=\/wp\/v2\/pages\/240"}],"collection":[{"href":"https:\/\/vernizy.fr\/index.php?rest_route=\/wp\/v2\/pages"}],"about":[{"href":"https:\/\/vernizy.fr\/index.php?rest_route=\/wp\/v2\/types\/page"}],"author":[{"embeddable":true,"href":"https:\/\/vernizy.fr\/index.php?rest_route=\/wp\/v2\/users\/1"}],"replies":[{"embeddable":true,"href":"https:\/\/vernizy.fr\/index.php?rest_route=%2Fwp%2Fv2%2Fcomments&post=240"}],"version-history":[{"count":11,"href":"https:\/\/vernizy.fr\/index.php?rest_route=\/wp\/v2\/pages\/240\/revisions"}],"predecessor-version":[{"id":478,"href":"https:\/\/vernizy.fr\/index.php?rest_route=\/wp\/v2\/pages\/240\/revisions\/478"}],"wp:featuredmedia":[{"embeddable":true,"href":"https:\/\/vernizy.fr\/index.php?rest_route=\/wp\/v2\/media\/241"}],"wp:attachment":[{"href":"https:\/\/vernizy.fr\/index.php?rest_route=%2Fwp%2Fv2%2Fmedia&parent=240"}],"curies":[{"name":"wp","href":"https:\/\/api.w.org\/{rel}","templated":true}]}}