{"id":243,"date":"2023-11-23T13:45:08","date_gmt":"2023-11-23T12:45:08","guid":{"rendered":"https:\/\/vernizy.fr\/?page_id=243"},"modified":"2023-11-23T14:06:13","modified_gmt":"2023-11-23T13:06:13","slug":"les-news-1-mai-2018-le-mot-du-debut","status":"publish","type":"page","link":"https:\/\/vernizy.fr\/?page_id=243","title":{"rendered":"Les news 1 : Mai\u00a0\u00a02018, Le mot\u00a0&#8230;.\u00a0du d\u00e9but :"},"content":{"rendered":"\n<p><strong>Voyons tout d&rsquo;abord o\u00f9 les choses se situent<\/strong>&#8230;<em>pour ceux qui ne sont encore pas venus&#8230;<\/em><\/p>\n\n\n\n<figure class=\"wp-block-image size-large\"><img loading=\"lazy\" decoding=\"async\" width=\"1024\" height=\"533\" src=\"https:\/\/vernizy.fr\/wp-content\/uploads\/2023\/11\/carte1-1024x533.png\" alt=\"\" class=\"wp-image-244\" srcset=\"https:\/\/vernizy.fr\/wp-content\/uploads\/2023\/11\/carte1-1024x533.png 1024w, https:\/\/vernizy.fr\/wp-content\/uploads\/2023\/11\/carte1-300x156.png 300w, https:\/\/vernizy.fr\/wp-content\/uploads\/2023\/11\/carte1-768x400.png 768w, https:\/\/vernizy.fr\/wp-content\/uploads\/2023\/11\/carte1-600x312.png 600w, https:\/\/vernizy.fr\/wp-content\/uploads\/2023\/11\/carte1.png 1533w\" sizes=\"(max-width: 1024px) 100vw, 1024px\" \/><\/figure>\n\n\n\n<figure class=\"wp-block-image size-large\"><img loading=\"lazy\" decoding=\"async\" width=\"1024\" height=\"535\" src=\"https:\/\/vernizy.fr\/wp-content\/uploads\/2023\/11\/vernizy_1-1024x535.jpg\" alt=\"\" class=\"wp-image-245\" srcset=\"https:\/\/vernizy.fr\/wp-content\/uploads\/2023\/11\/vernizy_1-1024x535.jpg 1024w, https:\/\/vernizy.fr\/wp-content\/uploads\/2023\/11\/vernizy_1-300x157.jpg 300w, https:\/\/vernizy.fr\/wp-content\/uploads\/2023\/11\/vernizy_1-768x402.jpg 768w, https:\/\/vernizy.fr\/wp-content\/uploads\/2023\/11\/vernizy_1-1536x803.jpg 1536w, https:\/\/vernizy.fr\/wp-content\/uploads\/2023\/11\/vernizy_1-600x314.jpg 600w, https:\/\/vernizy.fr\/wp-content\/uploads\/2023\/11\/vernizy_1.jpg 1553w\" sizes=\"(max-width: 1024px) 100vw, 1024px\" \/><\/figure>\n\n\n\n<p><small><strong>Les travaux :<\/strong><br>Bon tout d&rsquo;abord, pour ceux qui n&rsquo;avaient pas suivi, fini les histoires d&rsquo;architecte, d&rsquo;\u00e9conomiste et plans \u00e0 moiti\u00e9 faux&#8230;. Trop d&rsquo;erreurs, d&rsquo;incomp\u00e9tence, de mauvaise fois&#8230;pas le temps de g\u00e9rer tout cela en plus du reste. Donc comme disent les filles, nous sommes \u00ab\u00a0solo\u00a0\u00bb&#8230;.\u00e7a ira peut \u00eatre moins vite (quoi que ?) mais au moins on va faire les choses m\u00e9ticuleusement pour \u00e9viter les surprises &#8230;. mais surtout \u00e0 \u00ab\u00a0notre sauce\u00a0\u00bb, de mani\u00e8re r\u00e9fl\u00e9chie&#8230;<br><br>Pour commencer, et afin de r\u00e9aliser quelques \u00e9conomies, nous avons d\u00e9cider de r\u00e9aliser quelques t\u00e2ches simples de gros oeuvre, notamment :<br>&#8211; des d\u00e9molitions :\u00a0<em>placo, sols, cloisons, cave en pierres, dallages, murs en pierre<\/em><br>&#8211; les d\u00e9caissements au rez de chauss\u00e9<br>&#8211; les \u00e9vacuations<br>&#8230; et quelques broutilles \u00e0 droite \u00e0 gauche\u00a0<em>(une modification de toiture, suppression d&rsquo;escalierS, rebouchageS de tr\u00e9mies&#8230;etc&#8230;.)<\/em><\/small><\/p>\n\n\n\n<p><\/p>\n\n\n\n<p>Les fa\u00e7ades d&rsquo;aujourd&rsquo;hui (octobre 2017) et les modifications souhait\u00e9es :<\/p>\n\n\n<div class=\"wp-block-image\">\n<figure class=\"alignleft size-full is-resized\"><img loading=\"lazy\" decoding=\"async\" width=\"912\" height=\"684\" src=\"https:\/\/vernizy.fr\/wp-content\/uploads\/2023\/11\/DSC08192.jpg\" alt=\"\" class=\"wp-image-246\" style=\"width:643px;height:auto\" srcset=\"https:\/\/vernizy.fr\/wp-content\/uploads\/2023\/11\/DSC08192.jpg 912w, https:\/\/vernizy.fr\/wp-content\/uploads\/2023\/11\/DSC08192-300x225.jpg 300w, https:\/\/vernizy.fr\/wp-content\/uploads\/2023\/11\/DSC08192-768x576.jpg 768w, https:\/\/vernizy.fr\/wp-content\/uploads\/2023\/11\/DSC08192-600x450.jpg 600w\" sizes=\"(max-width: 912px) 100vw, 912px\" \/><\/figure><\/div>\n\n\n<p><\/p>\n\n\n\n<figure class=\"wp-block-image size-large is-resized\"><img loading=\"lazy\" decoding=\"async\" width=\"1024\" height=\"722\" src=\"https:\/\/vernizy.fr\/wp-content\/uploads\/2023\/11\/facade-sud-1024x722.jpg\" alt=\"\" class=\"wp-image-247\" style=\"width:645px;height:auto\" srcset=\"https:\/\/vernizy.fr\/wp-content\/uploads\/2023\/11\/facade-sud-1024x722.jpg 1024w, https:\/\/vernizy.fr\/wp-content\/uploads\/2023\/11\/facade-sud-300x212.jpg 300w, https:\/\/vernizy.fr\/wp-content\/uploads\/2023\/11\/facade-sud-768x542.jpg 768w, https:\/\/vernizy.fr\/wp-content\/uploads\/2023\/11\/facade-sud-1536x1083.jpg 1536w, https:\/\/vernizy.fr\/wp-content\/uploads\/2023\/11\/facade-sud-600x423.jpg 600w, https:\/\/vernizy.fr\/wp-content\/uploads\/2023\/11\/facade-sud.jpg 1748w\" sizes=\"(max-width: 1024px) 100vw, 1024px\" \/><\/figure>\n\n\n\n<figure class=\"wp-block-image size-full is-resized\"><img loading=\"lazy\" decoding=\"async\" width=\"912\" height=\"684\" src=\"https:\/\/vernizy.fr\/wp-content\/uploads\/2023\/11\/DSC07472.jpg\" alt=\"\" class=\"wp-image-252\" style=\"width:647px;height:auto\" srcset=\"https:\/\/vernizy.fr\/wp-content\/uploads\/2023\/11\/DSC07472.jpg 912w, https:\/\/vernizy.fr\/wp-content\/uploads\/2023\/11\/DSC07472-300x225.jpg 300w, https:\/\/vernizy.fr\/wp-content\/uploads\/2023\/11\/DSC07472-768x576.jpg 768w, https:\/\/vernizy.fr\/wp-content\/uploads\/2023\/11\/DSC07472-600x450.jpg 600w\" sizes=\"(max-width: 912px) 100vw, 912px\" \/><\/figure>\n\n\n\n<figure class=\"wp-block-image size-large is-resized\"><img loading=\"lazy\" decoding=\"async\" width=\"1024\" height=\"722\" src=\"https:\/\/vernizy.fr\/wp-content\/uploads\/2023\/11\/facade-nord-1024x722.jpg\" alt=\"\" class=\"wp-image-253\" style=\"width:650px;height:auto\" srcset=\"https:\/\/vernizy.fr\/wp-content\/uploads\/2023\/11\/facade-nord-1024x722.jpg 1024w, https:\/\/vernizy.fr\/wp-content\/uploads\/2023\/11\/facade-nord-300x212.jpg 300w, https:\/\/vernizy.fr\/wp-content\/uploads\/2023\/11\/facade-nord-768x542.jpg 768w, https:\/\/vernizy.fr\/wp-content\/uploads\/2023\/11\/facade-nord-1536x1083.jpg 1536w, https:\/\/vernizy.fr\/wp-content\/uploads\/2023\/11\/facade-nord-600x423.jpg 600w, https:\/\/vernizy.fr\/wp-content\/uploads\/2023\/11\/facade-nord.jpg 1748w\" sizes=\"(max-width: 1024px) 100vw, 1024px\" \/><\/figure>\n\n\n\n<p><\/p>\n\n\n\n<p><\/p>\n\n\n\n<p>Pour les modifications de l&rsquo;int\u00e9rieur, vous pouvez retrouver un plan de chaque&nbsp;\u00e9tage aux pages \u00ab\u00a01\/ Le rez de chauss\u00e9e\u00a0\u00bb et \u00ab\u00a02\/ L&rsquo;\u00e9tage\u00a0\u00bb <\/p>\n\n\n\n<p>Et en plus de tout \u00e7a \u00e0 l&rsquo;int\u00e9rieur, il y a aussi les ext\u00e9rieurs \u00e0 faire et \u00e0 organiser&#8230;.<\/p>\n\n\n\n<p><br>A ce jour:<br>&#8211; un d\u00e9frichage important a \u00e9t\u00e9 conduit<br>&#8211; une trentaine d&rsquo;arbres fruitiers a \u00e9t\u00e9 plant\u00e9e<br>&#8211; un enclos grillag\u00e9 pour moutons est op\u00e9rationnel<br>&#8211; un enclos pour moutons avec cloture \u00e9lectrique est op\u00e9rationnel<br>&#8211; les trac\u00e9s (piquetage) du jardin et potager (c\u00f4t\u00e9 Sud) est r\u00e9alis\u00e9&#8230;<br>&#8211; la grange a \u00e9t\u00e9 nettoy\u00e9e<br>&#8211; nous avons adopt\u00e9 4 brouteurs laineux : 2 brebis \u00ab\u00a0Noire du Velay\u00a0\u00bb de 18mois : Maya et Mirabelle et 2 brebis \u00ab\u00a0Manech \u00e0 t\u00eate noire\u00a0\u00bb de 4 et 5 ans : Java et Kracotte<br>&#8211; nous r\u00e9fl\u00e9chissons \u00e0 l&rsquo;implantation d&rsquo;une piscine provisoire pour l&rsquo;\u00e9t\u00e9&#8230; (on se dit qu&rsquo;un petit Plouff apr\u00e8s, pendant ou avant l&rsquo;effort nous donnera un peu de r\u00e9confort&#8230;.et puis surtout il y en aura au moins 2 qui en profiteront si le temps le permet&#8230;<\/p>\n\n\n\n<p>Mais voici comment nous souhaitons organiser \u00ab\u00a0l&rsquo;espace\u00a0\u00bb sur les 2 hectares :<\/p>\n\n\n\n<figure class=\"wp-block-image size-large\"><img loading=\"lazy\" decoding=\"async\" width=\"1024\" height=\"724\" src=\"https:\/\/vernizy.fr\/wp-content\/uploads\/2023\/11\/vernizy_2-1024x724.jpg\" alt=\"\" class=\"wp-image-255\" srcset=\"https:\/\/vernizy.fr\/wp-content\/uploads\/2023\/11\/vernizy_2-1024x724.jpg 1024w, https:\/\/vernizy.fr\/wp-content\/uploads\/2023\/11\/vernizy_2-300x212.jpg 300w, https:\/\/vernizy.fr\/wp-content\/uploads\/2023\/11\/vernizy_2-768x543.jpg 768w, https:\/\/vernizy.fr\/wp-content\/uploads\/2023\/11\/vernizy_2-1536x1087.jpg 1536w, https:\/\/vernizy.fr\/wp-content\/uploads\/2023\/11\/vernizy_2-600x424.jpg 600w, https:\/\/vernizy.fr\/wp-content\/uploads\/2023\/11\/vernizy_2.jpg 1753w\" sizes=\"(max-width: 1024px) 100vw, 1024px\" \/><\/figure>\n\n\n\n<p>Autour de la maison en d\u00e9tail :<\/p>\n\n\n\n<figure class=\"wp-block-image size-large is-resized\"><img loading=\"lazy\" decoding=\"async\" width=\"1024\" height=\"768\" src=\"https:\/\/vernizy.fr\/wp-content\/uploads\/2023\/11\/ensemble1-1024x768.png\" alt=\"\" class=\"wp-image-256\" style=\"width:841px;height:auto\" srcset=\"https:\/\/vernizy.fr\/wp-content\/uploads\/2023\/11\/ensemble1-1024x768.png 1024w, https:\/\/vernizy.fr\/wp-content\/uploads\/2023\/11\/ensemble1-300x225.png 300w, https:\/\/vernizy.fr\/wp-content\/uploads\/2023\/11\/ensemble1-768x576.png 768w, https:\/\/vernizy.fr\/wp-content\/uploads\/2023\/11\/ensemble1-600x450.png 600w, https:\/\/vernizy.fr\/wp-content\/uploads\/2023\/11\/ensemble1.png 1236w\" sizes=\"(max-width: 1024px) 100vw, 1024px\" \/><\/figure>\n\n\n\n<figure class=\"wp-block-image size-large\"><img loading=\"lazy\" decoding=\"async\" width=\"1024\" height=\"584\" src=\"https:\/\/vernizy.fr\/wp-content\/uploads\/2023\/11\/ensemble2-1024x584.png\" alt=\"\" class=\"wp-image-257\" srcset=\"https:\/\/vernizy.fr\/wp-content\/uploads\/2023\/11\/ensemble2-1024x584.png 1024w, https:\/\/vernizy.fr\/wp-content\/uploads\/2023\/11\/ensemble2-300x171.png 300w, https:\/\/vernizy.fr\/wp-content\/uploads\/2023\/11\/ensemble2-768x438.png 768w, https:\/\/vernizy.fr\/wp-content\/uploads\/2023\/11\/ensemble2-1536x876.png 1536w, https:\/\/vernizy.fr\/wp-content\/uploads\/2023\/11\/ensemble2-600x342.png 600w, https:\/\/vernizy.fr\/wp-content\/uploads\/2023\/11\/ensemble2.png 1626w\" sizes=\"(max-width: 1024px) 100vw, 1024px\" \/><\/figure>\n\n\n\n<figure class=\"wp-block-image size-large\"><img loading=\"lazy\" decoding=\"async\" width=\"1024\" height=\"213\" src=\"https:\/\/vernizy.fr\/wp-content\/uploads\/2023\/11\/ensemble3-1024x213.png\" alt=\"\" class=\"wp-image-258\" srcset=\"https:\/\/vernizy.fr\/wp-content\/uploads\/2023\/11\/ensemble3-1024x213.png 1024w, https:\/\/vernizy.fr\/wp-content\/uploads\/2023\/11\/ensemble3-300x62.png 300w, https:\/\/vernizy.fr\/wp-content\/uploads\/2023\/11\/ensemble3-768x159.png 768w, https:\/\/vernizy.fr\/wp-content\/uploads\/2023\/11\/ensemble3-1536x319.png 1536w, https:\/\/vernizy.fr\/wp-content\/uploads\/2023\/11\/ensemble3-600x125.png 600w, https:\/\/vernizy.fr\/wp-content\/uploads\/2023\/11\/ensemble3.png 1623w\" sizes=\"(max-width: 1024px) 100vw, 1024px\" \/><\/figure>\n\n\n\n<figure class=\"wp-block-image size-large\"><img loading=\"lazy\" decoding=\"async\" width=\"1024\" height=\"370\" src=\"https:\/\/vernizy.fr\/wp-content\/uploads\/2023\/11\/jardin1-1024x370.jpg\" alt=\"\" class=\"wp-image-259\" srcset=\"https:\/\/vernizy.fr\/wp-content\/uploads\/2023\/11\/jardin1-1024x370.jpg 1024w, https:\/\/vernizy.fr\/wp-content\/uploads\/2023\/11\/jardin1-300x109.jpg 300w, https:\/\/vernizy.fr\/wp-content\/uploads\/2023\/11\/jardin1-768x278.jpg 768w, https:\/\/vernizy.fr\/wp-content\/uploads\/2023\/11\/jardin1-1536x556.jpg 1536w, https:\/\/vernizy.fr\/wp-content\/uploads\/2023\/11\/jardin1-600x217.jpg 600w, https:\/\/vernizy.fr\/wp-content\/uploads\/2023\/11\/jardin1.jpg 1725w\" sizes=\"(max-width: 1024px) 100vw, 1024px\" \/><\/figure>\n\n\n\n<p>Voici donc pour les grandes lignes &#8230;.<\/p>\n","protected":false},"excerpt":{"rendered":"<p>Voyons tout d&rsquo;abord o\u00f9 les choses se situent&#8230;pour ceux qui ne sont encore pas venus&#8230; Les travaux :Bon tout d&rsquo;abord, pour ceux qui n&rsquo;avaient pas suivi, fini les histoires d&rsquo;architecte, d&rsquo;\u00e9conomiste et plans \u00e0 moiti\u00e9 faux&#8230;. Trop d&rsquo;erreurs, d&rsquo;incomp\u00e9tence, de mauvaise fois&#8230;pas le temps de g\u00e9rer tout cela en plus [&hellip;]<\/p>\n","protected":false},"author":1,"featured_media":0,"parent":240,"menu_order":0,"comment_status":"closed","ping_status":"closed","template":"","meta":{"_monsterinsights_skip_tracking":false,"_monsterinsights_sitenote_active":false,"_monsterinsights_sitenote_note":"","_monsterinsights_sitenote_category":0,"footnotes":""},"_links":{"self":[{"href":"https:\/\/vernizy.fr\/index.php?rest_route=\/wp\/v2\/pages\/243"}],"collection":[{"href":"https:\/\/vernizy.fr\/index.php?rest_route=\/wp\/v2\/pages"}],"about":[{"href":"https:\/\/vernizy.fr\/index.php?rest_route=\/wp\/v2\/types\/page"}],"author":[{"embeddable":true,"href":"https:\/\/vernizy.fr\/index.php?rest_route=\/wp\/v2\/users\/1"}],"replies":[{"embeddable":true,"href":"https:\/\/vernizy.fr\/index.php?rest_route=%2Fwp%2Fv2%2Fcomments&post=243"}],"version-history":[{"count":6,"href":"https:\/\/vernizy.fr\/index.php?rest_route=\/wp\/v2\/pages\/243\/revisions"}],"predecessor-version":[{"id":268,"href":"https:\/\/vernizy.fr\/index.php?rest_route=\/wp\/v2\/pages\/243\/revisions\/268"}],"up":[{"embeddable":true,"href":"https:\/\/vernizy.fr\/index.php?rest_route=\/wp\/v2\/pages\/240"}],"wp:attachment":[{"href":"https:\/\/vernizy.fr\/index.php?rest_route=%2Fwp%2Fv2%2Fmedia&parent=243"}],"curies":[{"name":"wp","href":"https:\/\/api.w.org\/{rel}","templated":true}]}}