{"id":283,"date":"2023-11-24T09:17:24","date_gmt":"2023-11-24T08:17:24","guid":{"rendered":"https:\/\/vernizy.fr\/?page_id=283"},"modified":"2023-11-24T09:45:17","modified_gmt":"2023-11-24T08:45:17","slug":"les-news-2","status":"publish","type":"page","link":"https:\/\/vernizy.fr\/?page_id=283","title":{"rendered":"Les news 2 : Septembre 2018, fini les vacances !"},"content":{"rendered":"\n<p><strong>Septembre<\/strong>&nbsp;&nbsp;2018 : FINI LES VACANCES !!! :<br>Bon quoi de neuf depuis mai ??? &nbsp;<br><strong>Mai et Juin<\/strong>ne furent pas tr\u00e8s \u00ab\u00a0productifs\u00a0\u00bb : entre kermesses, voyages scolaires, et autre gala de danse ou fian\u00e7ailles&#8230;. peu de place pour les travaux d&rsquo;envergure&#8230;<br>Cependant, nous avons tout de m\u00eame :<br>&#8211;&nbsp;<strong>fini d&rsquo;installer notre \u00ab\u00a0coin piscine\u00a0\u00bb <\/strong><small><em>(provisoire&#8230;madame y tient&#8230;.)<\/em><\/small><\/p>\n\n\n\n<figure class=\"wp-block-image size-large is-resized\"><img loading=\"lazy\" decoding=\"async\" width=\"1024\" height=\"768\" src=\"https:\/\/vernizy.fr\/wp-content\/uploads\/2023\/11\/piscine2-1024x768.jpg\" alt=\"\" class=\"wp-image-284\" style=\"width:405px;height:auto\" srcset=\"https:\/\/vernizy.fr\/wp-content\/uploads\/2023\/11\/piscine2-1024x768.jpg 1024w, https:\/\/vernizy.fr\/wp-content\/uploads\/2023\/11\/piscine2-300x225.jpg 300w, https:\/\/vernizy.fr\/wp-content\/uploads\/2023\/11\/piscine2-768x576.jpg 768w, https:\/\/vernizy.fr\/wp-content\/uploads\/2023\/11\/piscine2-1536x1152.jpg 1536w, https:\/\/vernizy.fr\/wp-content\/uploads\/2023\/11\/piscine2-2048x1536.jpg 2048w, https:\/\/vernizy.fr\/wp-content\/uploads\/2023\/11\/piscine2-600x450.jpg 600w\" sizes=\"(max-width: 1024px) 100vw, 1024px\" \/><\/figure>\n\n\n\n<figure class=\"wp-block-image size-large is-resized\"><img loading=\"lazy\" decoding=\"async\" width=\"1024\" height=\"768\" src=\"https:\/\/vernizy.fr\/wp-content\/uploads\/2023\/11\/piscine1-1024x768.jpg\" alt=\"\" class=\"wp-image-285\" style=\"width:405px;height:auto\" srcset=\"https:\/\/vernizy.fr\/wp-content\/uploads\/2023\/11\/piscine1-1024x768.jpg 1024w, https:\/\/vernizy.fr\/wp-content\/uploads\/2023\/11\/piscine1-300x225.jpg 300w, https:\/\/vernizy.fr\/wp-content\/uploads\/2023\/11\/piscine1-768x576.jpg 768w, https:\/\/vernizy.fr\/wp-content\/uploads\/2023\/11\/piscine1-1536x1152.jpg 1536w, https:\/\/vernizy.fr\/wp-content\/uploads\/2023\/11\/piscine1-2048x1536.jpg 2048w, https:\/\/vernizy.fr\/wp-content\/uploads\/2023\/11\/piscine1-600x450.jpg 600w\" sizes=\"(max-width: 1024px) 100vw, 1024px\" \/><\/figure>\n\n\n\n<p>&#8211;&nbsp;<strong>d\u00e9velopp\u00e9 notre complicit\u00e9 avec les moutons<\/strong><\/p>\n\n\n\n<figure class=\"wp-block-image size-large is-resized\"><img loading=\"lazy\" decoding=\"async\" width=\"768\" height=\"1024\" src=\"https:\/\/vernizy.fr\/wp-content\/uploads\/2023\/11\/mouton1-768x1024.jpg\" alt=\"\" class=\"wp-image-286\" style=\"width:402px;height:auto\" srcset=\"https:\/\/vernizy.fr\/wp-content\/uploads\/2023\/11\/mouton1-768x1024.jpg 768w, https:\/\/vernizy.fr\/wp-content\/uploads\/2023\/11\/mouton1-225x300.jpg 225w, https:\/\/vernizy.fr\/wp-content\/uploads\/2023\/11\/mouton1-1152x1536.jpg 1152w, https:\/\/vernizy.fr\/wp-content\/uploads\/2023\/11\/mouton1-1536x2048.jpg 1536w, https:\/\/vernizy.fr\/wp-content\/uploads\/2023\/11\/mouton1-600x800.jpg 600w, https:\/\/vernizy.fr\/wp-content\/uploads\/2023\/11\/mouton1-scaled.jpg 1920w\" sizes=\"(max-width: 768px) 100vw, 768px\" \/><\/figure>\n\n\n\n<figure class=\"wp-block-image size-large is-resized\"><img loading=\"lazy\" decoding=\"async\" width=\"768\" height=\"1024\" src=\"https:\/\/vernizy.fr\/wp-content\/uploads\/2023\/11\/mouton2-768x1024.jpg\" alt=\"\" class=\"wp-image-287\" style=\"width:398px;height:auto\" srcset=\"https:\/\/vernizy.fr\/wp-content\/uploads\/2023\/11\/mouton2-768x1024.jpg 768w, https:\/\/vernizy.fr\/wp-content\/uploads\/2023\/11\/mouton2-225x300.jpg 225w, https:\/\/vernizy.fr\/wp-content\/uploads\/2023\/11\/mouton2-1152x1536.jpg 1152w, https:\/\/vernizy.fr\/wp-content\/uploads\/2023\/11\/mouton2-1536x2048.jpg 1536w, https:\/\/vernizy.fr\/wp-content\/uploads\/2023\/11\/mouton2-600x800.jpg 600w, https:\/\/vernizy.fr\/wp-content\/uploads\/2023\/11\/mouton2-scaled.jpg 1920w\" sizes=\"(max-width: 768px) 100vw, 768px\" \/><\/figure>\n\n\n\n<p>&#8211;&nbsp;<strong>d\u00e9caiss\u00e9 le futur hall d&rsquo;entr\u00e9e<\/strong>&nbsp;&nbsp;et&nbsp;<strong>fini d&rsquo;enlev\u00e9 la premi\u00e8re chape du s\u00e9jour<\/strong> &nbsp;&nbsp; &nbsp;&nbsp;&nbsp;<\/p>\n\n\n\n<figure class=\"wp-block-image size-large is-resized\"><img loading=\"lazy\" decoding=\"async\" width=\"1024\" height=\"768\" src=\"https:\/\/vernizy.fr\/wp-content\/uploads\/2023\/11\/entreedecaissee-1024x768.jpg\" alt=\"\" class=\"wp-image-288\" style=\"width:393px;height:auto\" srcset=\"https:\/\/vernizy.fr\/wp-content\/uploads\/2023\/11\/entreedecaissee-1024x768.jpg 1024w, https:\/\/vernizy.fr\/wp-content\/uploads\/2023\/11\/entreedecaissee-300x225.jpg 300w, https:\/\/vernizy.fr\/wp-content\/uploads\/2023\/11\/entreedecaissee-768x576.jpg 768w, https:\/\/vernizy.fr\/wp-content\/uploads\/2023\/11\/entreedecaissee-1536x1152.jpg 1536w, https:\/\/vernizy.fr\/wp-content\/uploads\/2023\/11\/entreedecaissee-2048x1536.jpg 2048w, https:\/\/vernizy.fr\/wp-content\/uploads\/2023\/11\/entreedecaissee-600x450.jpg 600w\" sizes=\"(max-width: 1024px) 100vw, 1024px\" \/><\/figure>\n\n\n\n<figure class=\"wp-block-image size-large is-resized\"><img loading=\"lazy\" decoding=\"async\" width=\"1024\" height=\"768\" src=\"https:\/\/vernizy.fr\/wp-content\/uploads\/2023\/11\/SAM_chape1enleee-1024x768.jpg\" alt=\"\" class=\"wp-image-289\" style=\"width:392px;height:auto\" srcset=\"https:\/\/vernizy.fr\/wp-content\/uploads\/2023\/11\/SAM_chape1enleee-1024x768.jpg 1024w, https:\/\/vernizy.fr\/wp-content\/uploads\/2023\/11\/SAM_chape1enleee-300x225.jpg 300w, https:\/\/vernizy.fr\/wp-content\/uploads\/2023\/11\/SAM_chape1enleee-768x576.jpg 768w, https:\/\/vernizy.fr\/wp-content\/uploads\/2023\/11\/SAM_chape1enleee-1536x1152.jpg 1536w, https:\/\/vernizy.fr\/wp-content\/uploads\/2023\/11\/SAM_chape1enleee-2048x1536.jpg 2048w, https:\/\/vernizy.fr\/wp-content\/uploads\/2023\/11\/SAM_chape1enleee-600x450.jpg 600w\" sizes=\"(max-width: 1024px) 100vw, 1024px\" \/><\/figure>\n\n\n\n<p>&#8211;&nbsp;<strong>trouv\u00e9 une solution pour la vo\u00fbte de la cave :<\/strong><br><small>nous avons d\u00e9couvert que finalement le premi\u00e8re arche seulement \u00e9tait ciment\u00e9e&#8230;.donc une fois enlev\u00e9e (avec force et d\u00e9termination&#8230;) ne restait plus qu&rsquo;a d\u00e9celler toutes les pierres une \u00e0 une&#8230;<\/small><br>&#8211;&nbsp;<strong>g\u00e9r\u00e9 la pousse de la v\u00e9g\u00e9tation<\/strong>&nbsp;:&nbsp;<small>quelques heures de tonte, d\u00e9brousaillage, fauchage&#8230;et donc provisionner un peu de foin et de paille pour nos amis \u00e0 4 pattes&#8230;<\/small><\/p>\n\n\n\n<p><strong>Juillet et Ao\u00fbt&nbsp;<\/strong>&nbsp;furent les mois des grosses chaleurs mais surtout des gros travaux !!!<br>&#8211;&nbsp;<strong>d\u00e9montage de la vo\u00fbte<\/strong>&nbsp;:&nbsp;<small><em>premi\u00e8re et derni\u00e8re semaine des vacances<\/em><br><\/small>&#8211;&nbsp;<strong>d\u00e9molition du sol de la future suite parentale<\/strong>&nbsp;:&nbsp;<small>deuxi\u00e8me, troisi\u00e8me et quatri\u00e8me semaine&#8230;<\/small><br>&#8211;&nbsp;<strong>d\u00e9caissage&nbsp;<\/strong>&nbsp;:&nbsp;<small><em>cinqui\u00e8me et sixi\u00e8me semaine<\/em><\/small>&nbsp;&nbsp;( il ne reste que la partie futur WC\/SAS\/entr\u00e9e Nord de la buanderie qui n&rsquo;est pas r\u00e9alis\u00e9&#8230;)<br>&#8211;&nbsp;<strong>\u00e9vacuer le mortier \u00e0 la chaux recouvrant le plancher de la chambre de Louise<\/strong>&nbsp;:&nbsp;<small>septi\u00e8me semaine<\/small><br>&#8211;&nbsp;<strong>gestion des gravats<\/strong>&nbsp;:&nbsp;<small><em>&#8230; pendant 8 semaines&#8230;<\/em><\/small><em>soit environ 70 \u00e0 75 m3&#8230;.soit au bas mot : 150 tonnes !!!<\/em><\/p>\n\n\n\n<figure class=\"wp-block-image size-large is-resized\"><img loading=\"lazy\" decoding=\"async\" width=\"1024\" height=\"768\" src=\"https:\/\/vernizy.fr\/wp-content\/uploads\/2023\/11\/cave2-1024x768.jpg\" alt=\"\" class=\"wp-image-290\" style=\"width:388px;height:auto\" srcset=\"https:\/\/vernizy.fr\/wp-content\/uploads\/2023\/11\/cave2-1024x768.jpg 1024w, https:\/\/vernizy.fr\/wp-content\/uploads\/2023\/11\/cave2-300x225.jpg 300w, https:\/\/vernizy.fr\/wp-content\/uploads\/2023\/11\/cave2-768x576.jpg 768w, https:\/\/vernizy.fr\/wp-content\/uploads\/2023\/11\/cave2-1536x1152.jpg 1536w, https:\/\/vernizy.fr\/wp-content\/uploads\/2023\/11\/cave2-2048x1536.jpg 2048w, https:\/\/vernizy.fr\/wp-content\/uploads\/2023\/11\/cave2-600x450.jpg 600w\" sizes=\"(max-width: 1024px) 100vw, 1024px\" \/><\/figure>\n\n\n\n<figure class=\"wp-block-image size-large is-resized\"><img loading=\"lazy\" decoding=\"async\" width=\"1024\" height=\"768\" src=\"https:\/\/vernizy.fr\/wp-content\/uploads\/2023\/11\/chparent-1024x768.jpg\" alt=\"\" class=\"wp-image-291\" style=\"width:388px;height:auto\" srcset=\"https:\/\/vernizy.fr\/wp-content\/uploads\/2023\/11\/chparent-1024x768.jpg 1024w, https:\/\/vernizy.fr\/wp-content\/uploads\/2023\/11\/chparent-300x225.jpg 300w, https:\/\/vernizy.fr\/wp-content\/uploads\/2023\/11\/chparent-768x576.jpg 768w, https:\/\/vernizy.fr\/wp-content\/uploads\/2023\/11\/chparent-1536x1152.jpg 1536w, https:\/\/vernizy.fr\/wp-content\/uploads\/2023\/11\/chparent-2048x1536.jpg 2048w, https:\/\/vernizy.fr\/wp-content\/uploads\/2023\/11\/chparent-600x450.jpg 600w\" sizes=\"(max-width: 1024px) 100vw, 1024px\" \/><\/figure>\n\n\n\n<figure class=\"wp-block-image size-large is-resized\"><img loading=\"lazy\" decoding=\"async\" width=\"1024\" height=\"768\" src=\"https:\/\/vernizy.fr\/wp-content\/uploads\/2023\/11\/chlouise-1024x768.jpg\" alt=\"\" class=\"wp-image-292\" style=\"width:389px;height:auto\" srcset=\"https:\/\/vernizy.fr\/wp-content\/uploads\/2023\/11\/chlouise-1024x768.jpg 1024w, https:\/\/vernizy.fr\/wp-content\/uploads\/2023\/11\/chlouise-300x225.jpg 300w, https:\/\/vernizy.fr\/wp-content\/uploads\/2023\/11\/chlouise-768x576.jpg 768w, https:\/\/vernizy.fr\/wp-content\/uploads\/2023\/11\/chlouise-1536x1152.jpg 1536w, https:\/\/vernizy.fr\/wp-content\/uploads\/2023\/11\/chlouise-2048x1536.jpg 2048w, https:\/\/vernizy.fr\/wp-content\/uploads\/2023\/11\/chlouise-600x450.jpg 600w\" sizes=\"(max-width: 1024px) 100vw, 1024px\" \/><\/figure>\n\n\n\n<figure class=\"wp-block-image size-large is-resized\"><img loading=\"lazy\" decoding=\"async\" width=\"1024\" height=\"768\" src=\"https:\/\/vernizy.fr\/wp-content\/uploads\/2023\/11\/annebrouette-1024x768.jpg\" alt=\"\" class=\"wp-image-293\" style=\"width:388px;height:auto\" srcset=\"https:\/\/vernizy.fr\/wp-content\/uploads\/2023\/11\/annebrouette-1024x768.jpg 1024w, https:\/\/vernizy.fr\/wp-content\/uploads\/2023\/11\/annebrouette-300x225.jpg 300w, https:\/\/vernizy.fr\/wp-content\/uploads\/2023\/11\/annebrouette-768x576.jpg 768w, https:\/\/vernizy.fr\/wp-content\/uploads\/2023\/11\/annebrouette-1536x1152.jpg 1536w, https:\/\/vernizy.fr\/wp-content\/uploads\/2023\/11\/annebrouette-2048x1536.jpg 2048w, https:\/\/vernizy.fr\/wp-content\/uploads\/2023\/11\/annebrouette-600x450.jpg 600w\" sizes=\"(max-width: 1024px) 100vw, 1024px\" \/><\/figure>\n\n\n\n<p>La m\u00e9t\u00e9o nous a \u00e9t\u00e9 favorable pour nos travaux mais nous a aussi permis de profiter pleinement de la piscine, des repas dehors, des tomates du jardin&#8230;&#8230;bref : la vie au grand air !!!<\/p>\n\n\n\n<p><\/p>\n\n\n\n<figure class=\"wp-block-image size-large is-resized\"><img loading=\"lazy\" decoding=\"async\" width=\"1024\" height=\"768\" src=\"https:\/\/vernizy.fr\/wp-content\/uploads\/2023\/11\/annpiscine-1024x768.jpg\" alt=\"\" class=\"wp-image-294\" style=\"width:426px;height:auto\" srcset=\"https:\/\/vernizy.fr\/wp-content\/uploads\/2023\/11\/annpiscine-1024x768.jpg 1024w, https:\/\/vernizy.fr\/wp-content\/uploads\/2023\/11\/annpiscine-300x225.jpg 300w, https:\/\/vernizy.fr\/wp-content\/uploads\/2023\/11\/annpiscine-768x576.jpg 768w, https:\/\/vernizy.fr\/wp-content\/uploads\/2023\/11\/annpiscine-1536x1152.jpg 1536w, https:\/\/vernizy.fr\/wp-content\/uploads\/2023\/11\/annpiscine-2048x1536.jpg 2048w, https:\/\/vernizy.fr\/wp-content\/uploads\/2023\/11\/annpiscine-600x450.jpg 600w\" sizes=\"(max-width: 1024px) 100vw, 1024px\" \/><\/figure>\n\n\n\n<figure class=\"wp-block-image size-large is-resized\"><img loading=\"lazy\" decoding=\"async\" width=\"1024\" height=\"768\" src=\"https:\/\/vernizy.fr\/wp-content\/uploads\/2023\/11\/potagertomates-1024x768.jpg\" alt=\"\" class=\"wp-image-295\" style=\"width:426px;height:auto\" srcset=\"https:\/\/vernizy.fr\/wp-content\/uploads\/2023\/11\/potagertomates-1024x768.jpg 1024w, https:\/\/vernizy.fr\/wp-content\/uploads\/2023\/11\/potagertomates-300x225.jpg 300w, https:\/\/vernizy.fr\/wp-content\/uploads\/2023\/11\/potagertomates-768x576.jpg 768w, https:\/\/vernizy.fr\/wp-content\/uploads\/2023\/11\/potagertomates-1536x1152.jpg 1536w, https:\/\/vernizy.fr\/wp-content\/uploads\/2023\/11\/potagertomates-2048x1536.jpg 2048w, https:\/\/vernizy.fr\/wp-content\/uploads\/2023\/11\/potagertomates-600x450.jpg 600w\" sizes=\"(max-width: 1024px) 100vw, 1024px\" \/><\/figure>\n\n\n\n<figure class=\"wp-block-image size-large is-resized\"><img loading=\"lazy\" decoding=\"async\" width=\"1024\" height=\"768\" src=\"https:\/\/vernizy.fr\/wp-content\/uploads\/2023\/11\/repasbaudin-1024x768.jpg\" alt=\"\" class=\"wp-image-296\" style=\"width:426px;height:auto\" srcset=\"https:\/\/vernizy.fr\/wp-content\/uploads\/2023\/11\/repasbaudin-1024x768.jpg 1024w, https:\/\/vernizy.fr\/wp-content\/uploads\/2023\/11\/repasbaudin-300x225.jpg 300w, https:\/\/vernizy.fr\/wp-content\/uploads\/2023\/11\/repasbaudin-768x576.jpg 768w, https:\/\/vernizy.fr\/wp-content\/uploads\/2023\/11\/repasbaudin-1536x1152.jpg 1536w, https:\/\/vernizy.fr\/wp-content\/uploads\/2023\/11\/repasbaudin-2048x1536.jpg 2048w, https:\/\/vernizy.fr\/wp-content\/uploads\/2023\/11\/repasbaudin-600x450.jpg 600w\" sizes=\"(max-width: 1024px) 100vw, 1024px\" \/><\/figure>\n\n\n\n<figure class=\"wp-block-image size-large is-resized\"><img loading=\"lazy\" decoding=\"async\" width=\"768\" height=\"1024\" src=\"https:\/\/vernizy.fr\/wp-content\/uploads\/2023\/11\/annedort-768x1024.jpg\" alt=\"\" class=\"wp-image-297\" style=\"width:426px;height:auto\" srcset=\"https:\/\/vernizy.fr\/wp-content\/uploads\/2023\/11\/annedort-768x1024.jpg 768w, https:\/\/vernizy.fr\/wp-content\/uploads\/2023\/11\/annedort-225x300.jpg 225w, https:\/\/vernizy.fr\/wp-content\/uploads\/2023\/11\/annedort-1152x1536.jpg 1152w, https:\/\/vernizy.fr\/wp-content\/uploads\/2023\/11\/annedort-1536x2048.jpg 1536w, https:\/\/vernizy.fr\/wp-content\/uploads\/2023\/11\/annedort-600x800.jpg 600w, https:\/\/vernizy.fr\/wp-content\/uploads\/2023\/11\/annedort-scaled.jpg 1920w\" sizes=\"(max-width: 768px) 100vw, 768px\" \/><\/figure>\n\n\n\n<p>Nous avons aussi du faire face a une p\u00e9nurie d&rsquo;herbe pour les moutons&#8230;..tout griller&#8230;.mais non, pas les moutons !!! l&rsquo;herbe bien s\u00fbr !!!<br>Seule solution, les emmener brouter dans le pr\u00e9 encore un peu vert mais il a fallu les accompagner au d\u00e9but car ces dames ne voulaient pas y aller seules&#8230;. &nbsp;Je me suis donc improviser berger 2 semaines, accompagnant les brebis dans diff\u00e9rents endroits du pr\u00e9 avant qu&rsquo;elles ne gagnent en confiance et broutent seules enfin&#8230;..mais juste de l&rsquo;autre c\u00f4t\u00e9 de la clot\u00fbre&#8230;..pas tr\u00e8s t\u00e9m\u00e9raires par rapport au d\u00e9but&#8230;&#8230;<\/p>\n\n\n\n<figure class=\"wp-block-image size-large is-resized\"><img loading=\"lazy\" decoding=\"async\" width=\"1024\" height=\"768\" src=\"https:\/\/vernizy.fr\/wp-content\/uploads\/2023\/11\/moutons-1024x768.jpg\" alt=\"\" class=\"wp-image-298\" style=\"width:417px;height:auto\" srcset=\"https:\/\/vernizy.fr\/wp-content\/uploads\/2023\/11\/moutons-1024x768.jpg 1024w, https:\/\/vernizy.fr\/wp-content\/uploads\/2023\/11\/moutons-300x225.jpg 300w, https:\/\/vernizy.fr\/wp-content\/uploads\/2023\/11\/moutons-768x576.jpg 768w, https:\/\/vernizy.fr\/wp-content\/uploads\/2023\/11\/moutons-1536x1152.jpg 1536w, https:\/\/vernizy.fr\/wp-content\/uploads\/2023\/11\/moutons-2048x1536.jpg 2048w, https:\/\/vernizy.fr\/wp-content\/uploads\/2023\/11\/moutons-600x450.jpg 600w\" sizes=\"(max-width: 1024px) 100vw, 1024px\" \/><\/figure>\n\n\n\n<figure class=\"wp-block-image size-large\"><img loading=\"lazy\" decoding=\"async\" width=\"1024\" height=\"768\" src=\"https:\/\/vernizy.fr\/wp-content\/uploads\/2023\/11\/aout2018-1024x768.jpg\" alt=\"\" class=\"wp-image-299\" srcset=\"https:\/\/vernizy.fr\/wp-content\/uploads\/2023\/11\/aout2018-1024x768.jpg 1024w, https:\/\/vernizy.fr\/wp-content\/uploads\/2023\/11\/aout2018-300x225.jpg 300w, https:\/\/vernizy.fr\/wp-content\/uploads\/2023\/11\/aout2018-768x576.jpg 768w, https:\/\/vernizy.fr\/wp-content\/uploads\/2023\/11\/aout2018-1536x1152.jpg 1536w, https:\/\/vernizy.fr\/wp-content\/uploads\/2023\/11\/aout2018-2048x1536.jpg 2048w, https:\/\/vernizy.fr\/wp-content\/uploads\/2023\/11\/aout2018-600x450.jpg 600w\" sizes=\"(max-width: 1024px) 100vw, 1024px\" \/><\/figure>\n\n\n\n<p><\/p>\n\n\n\n<p><strong><mark style=\"background-color:rgba(0, 0, 0, 0)\" class=\"has-inline-color has-header-gradient-color\">Les liens directs vers les nouveaux diaporamas<\/mark><\/strong><\/p>\n\n\n\n<p>&#8211;>\u00a0<a href=\"https:\/\/photos.app.goo.gl\/bZFXPFtiU6pZriMZ9\" target=\"_blank\" rel=\"noreferrer noopener\">jardin 1<\/a><br>&#8211;>\u00a0<a href=\"https:\/\/photos.app.goo.gl\/xnw98uXudf1V2s1E8\" target=\"_blank\" rel=\"noreferrer noopener\">divers<\/a><br>&#8211;>\u00a0<a href=\"https:\/\/photos.app.goo.gl\/oR27J26fPwFLRDfF7\" target=\"_blank\" rel=\"noreferrer noopener\">d\u00e9molition de la cave (partie 2)<\/a><br>&#8211;>\u00a0<a href=\"https:\/\/photos.app.goo.gl\/97KtZ1PkWPBrZLm27\" target=\"_blank\" rel=\"noreferrer noopener\">piscine<\/a><br>&#8211;>\u00a0<a href=\"https:\/\/photos.app.goo.gl\/4swaiHE8bv4Xr6fm7\" target=\"_blank\" rel=\"noreferrer noopener\">suite parentale (partie 2)<\/a><br>&#8211;><a href=\"https:\/\/photos.app.goo.gl\/YE6uXOZOwpuX7w8i2\" target=\"_blank\" rel=\"noreferrer noopener\">\u00a0chambre de Louise 1<\/a><br>&#8211;><a href=\"https:\/\/photos.app.goo.gl\/WWlvzJlhIraZvHey1\" target=\"_blank\" rel=\"noreferrer noopener\">\u00a0les moutons<\/a><br>&#8211;>\u00a0<a href=\"https:\/\/photos.app.goo.gl\/YofAtnD61qjwxYlK2\" target=\"_blank\" rel=\"noreferrer noopener\"><\/a><a href=\"https:\/\/photos.app.goo.gl\/KRgUAQbP2xPss5Hr5\" target=\"_blank\" rel=\"noreferrer noopener\">La pierre d&rsquo;\u00e9vier<\/a><br>&#8211;>\u00a0<a href=\"https:\/\/photos.app.goo.gl\/yDWhyVQu3rSV9YcY8\" target=\"_blank\" rel=\"noreferrer noopener\">Les pique-nique<\/a><br>&#8211;>\u00a0<a href=\"https:\/\/photos.app.goo.gl\/q7oc2Y2frCI5mGww1\" target=\"_blank\" rel=\"noreferrer noopener\">salle \u00e0 manger<\/a><br>&#8211;>\u00a0<a href=\"https:\/\/photos.app.goo.gl\/3aZJEcSXART2s3su1\" target=\"_blank\" rel=\"noreferrer noopener\">salon<\/a><br>&#8211;><a href=\"https:\/\/photos.app.goo.gl\/g2rkLFaNyypCtdTz5\" target=\"_blank\" rel=\"noreferrer noopener\">\u00a0La terrasse<\/a><\/p>\n","protected":false},"excerpt":{"rendered":"<p>Septembre&nbsp;&nbsp;2018 : FINI LES VACANCES !!! :Bon quoi de neuf depuis mai ??? &nbsp;Mai et Juinne furent pas tr\u00e8s \u00ab\u00a0productifs\u00a0\u00bb : entre kermesses, voyages scolaires, et autre gala de danse ou fian\u00e7ailles&#8230;. peu de place pour les travaux d&rsquo;envergure&#8230;Cependant, nous avons tout de m\u00eame :&#8211;&nbsp;fini d&rsquo;installer notre \u00ab\u00a0coin piscine\u00a0\u00bb (provisoire&#8230;madame [&hellip;]<\/p>\n","protected":false},"author":1,"featured_media":0,"parent":240,"menu_order":0,"comment_status":"closed","ping_status":"closed","template":"","meta":{"_monsterinsights_skip_tracking":false,"_monsterinsights_sitenote_active":false,"_monsterinsights_sitenote_note":"","_monsterinsights_sitenote_category":0,"footnotes":""},"_links":{"self":[{"href":"https:\/\/vernizy.fr\/index.php?rest_route=\/wp\/v2\/pages\/283"}],"collection":[{"href":"https:\/\/vernizy.fr\/index.php?rest_route=\/wp\/v2\/pages"}],"about":[{"href":"https:\/\/vernizy.fr\/index.php?rest_route=\/wp\/v2\/types\/page"}],"author":[{"embeddable":true,"href":"https:\/\/vernizy.fr\/index.php?rest_route=\/wp\/v2\/users\/1"}],"replies":[{"embeddable":true,"href":"https:\/\/vernizy.fr\/index.php?rest_route=%2Fwp%2Fv2%2Fcomments&post=283"}],"version-history":[{"count":4,"href":"https:\/\/vernizy.fr\/index.php?rest_route=\/wp\/v2\/pages\/283\/revisions"}],"predecessor-version":[{"id":323,"href":"https:\/\/vernizy.fr\/index.php?rest_route=\/wp\/v2\/pages\/283\/revisions\/323"}],"up":[{"embeddable":true,"href":"https:\/\/vernizy.fr\/index.php?rest_route=\/wp\/v2\/pages\/240"}],"wp:attachment":[{"href":"https:\/\/vernizy.fr\/index.php?rest_route=%2Fwp%2Fv2%2Fmedia&parent=283"}],"curies":[{"name":"wp","href":"https:\/\/api.w.org\/{rel}","templated":true}]}}