{"id":304,"date":"2023-11-24T09:33:58","date_gmt":"2023-11-24T08:33:58","guid":{"rendered":"https:\/\/vernizy.fr\/?page_id=304"},"modified":"2023-11-24T09:47:35","modified_gmt":"2023-11-24T08:47:35","slug":"les-news-3-janvier-2019-bonne-annee","status":"publish","type":"page","link":"https:\/\/vernizy.fr\/?page_id=304","title":{"rendered":"Les news 3 :  Janvier 2019, Bonne ann\u00e9e !"},"content":{"rendered":"\n<p>Ca y est , 2018, c&rsquo;est termin\u00e9&nbsp;!&nbsp;Cette ann\u00e9e fut longue et difficile ; on ne peut pas se le cacher.<\/p>\n\n\n\n<p>Il nous aura fallu tout ce temps pour achever toutes les d\u00e9-constructions pr\u00e9vues&#8230;mais \u00e7a y est , c&rsquo;est enfin fait: finis les d\u00e9caissements, finis les murs \u00e0 abattre, finis les choix des artisans pour le \u00ab\u00a0gros oeuvre\u00a0\u00bb, finis les grandes lignes du r\u00e9-am\u00e9nagment, finis les choix des travaux \u00e0 engager, finis les demandes de pr\u00eats et autres paperasses&#8230;<\/p>\n\n\n\n<p>&nbsp; 2019 sera l&rsquo;ann\u00e9e du neuf ou &nbsp;ne sera pas<br>&nbsp; &nbsp; &nbsp; &nbsp; &nbsp; &nbsp; &nbsp; &nbsp; &nbsp; &nbsp; &nbsp; &nbsp; &nbsp; &nbsp; &#8230;nous passons enfin \u00e0 la phase de re-construction<br><small>(de toutes fa\u00e7ons, il n&rsquo;y a plus &nbsp;grand chose \u00e0 casser&#8230;)<\/small><\/p>\n\n\n\n<p>Concr\u00e8tement, depuis septembre 2018, nous avons :<\/p>\n\n\n\n<p>&#8211;&nbsp;<strong>fini proprement les d\u00e9caissements<\/strong>&nbsp;de tout le rez-de-chauss\u00e9e jusqu&rsquo;aux fondations; d&rsquo;ailleurs nous avons trouv\u00e9 quelques murs o\u00f9 il n&rsquo;y en avait pas, ce qui a d\u00fb \u00eatre repris par le ma\u00e7on fin d\u00e9cembre.<\/p>\n\n\n\n<p>&#8211;&nbsp;<strong>attaquer le futur sas<\/strong>&nbsp;: d\u00e9pose des sols, d\u00e9caissement, tranch\u00e9es&#8230;.<\/p>\n\n\n\n<p>&#8211;&nbsp;<strong>d\u00e9mont\u00e9 les 2 escaliers<\/strong>&nbsp;(sas et cuisine)<\/p>\n\n\n\n<figure class=\"wp-block-image size-large is-resized\"><img loading=\"lazy\" decoding=\"async\" width=\"1024\" height=\"768\" src=\"https:\/\/vernizy.fr\/wp-content\/uploads\/2023\/11\/coupage_esclier-1024x768.jpg\" alt=\"\" class=\"wp-image-305\" style=\"width:432px;height:auto\" srcset=\"https:\/\/vernizy.fr\/wp-content\/uploads\/2023\/11\/coupage_esclier-1024x768.jpg 1024w, https:\/\/vernizy.fr\/wp-content\/uploads\/2023\/11\/coupage_esclier-300x225.jpg 300w, https:\/\/vernizy.fr\/wp-content\/uploads\/2023\/11\/coupage_esclier-768x576.jpg 768w, https:\/\/vernizy.fr\/wp-content\/uploads\/2023\/11\/coupage_esclier-1536x1152.jpg 1536w, https:\/\/vernizy.fr\/wp-content\/uploads\/2023\/11\/coupage_esclier-2048x1536.jpg 2048w, https:\/\/vernizy.fr\/wp-content\/uploads\/2023\/11\/coupage_esclier-600x450.jpg 600w\" sizes=\"(max-width: 1024px) 100vw, 1024px\" \/><\/figure>\n\n\n\n<figure class=\"wp-block-image size-large is-resized\"><img loading=\"lazy\" decoding=\"async\" width=\"768\" height=\"1024\" src=\"https:\/\/vernizy.fr\/wp-content\/uploads\/2023\/11\/escalier_cuisine-768x1024.jpg\" alt=\"\" class=\"wp-image-306\" style=\"width:434px;height:auto\" srcset=\"https:\/\/vernizy.fr\/wp-content\/uploads\/2023\/11\/escalier_cuisine-768x1024.jpg 768w, https:\/\/vernizy.fr\/wp-content\/uploads\/2023\/11\/escalier_cuisine-225x300.jpg 225w, https:\/\/vernizy.fr\/wp-content\/uploads\/2023\/11\/escalier_cuisine-1152x1536.jpg 1152w, https:\/\/vernizy.fr\/wp-content\/uploads\/2023\/11\/escalier_cuisine-1536x2048.jpg 1536w, https:\/\/vernizy.fr\/wp-content\/uploads\/2023\/11\/escalier_cuisine-600x800.jpg 600w, https:\/\/vernizy.fr\/wp-content\/uploads\/2023\/11\/escalier_cuisine-scaled.jpg 1920w\" sizes=\"(max-width: 768px) 100vw, 768px\" \/><\/figure>\n\n\n\n<p>&#8211;&nbsp;<strong>retir\u00e9 tous les c\u00e2bles \u00e9lectriques<\/strong>&nbsp;enterr\u00e9s et mis en place un \u00e9clairage temporaire<\/p>\n\n\n\n<figure class=\"wp-block-image size-large is-resized\"><img loading=\"lazy\" decoding=\"async\" width=\"768\" height=\"1024\" src=\"https:\/\/vernizy.fr\/wp-content\/uploads\/2023\/11\/cablage_elect-768x1024.jpg\" alt=\"\" class=\"wp-image-307\" style=\"width:433px;height:auto\" srcset=\"https:\/\/vernizy.fr\/wp-content\/uploads\/2023\/11\/cablage_elect-768x1024.jpg 768w, https:\/\/vernizy.fr\/wp-content\/uploads\/2023\/11\/cablage_elect-225x300.jpg 225w, https:\/\/vernizy.fr\/wp-content\/uploads\/2023\/11\/cablage_elect-1152x1536.jpg 1152w, https:\/\/vernizy.fr\/wp-content\/uploads\/2023\/11\/cablage_elect-1536x2048.jpg 1536w, https:\/\/vernizy.fr\/wp-content\/uploads\/2023\/11\/cablage_elect-600x800.jpg 600w, https:\/\/vernizy.fr\/wp-content\/uploads\/2023\/11\/cablage_elect-scaled.jpg 1920w\" sizes=\"(max-width: 768px) 100vw, 768px\" \/><\/figure>\n\n\n\n<p>&#8211;&nbsp;<strong>r\u00e9alis\u00e9 les tranch\u00e9es des futurs \u00e9vacuations<\/strong>&nbsp;qui seront sous le futur dallage<\/p>\n\n\n\n<p>&#8211;&nbsp;<strong>r\u00e9alis\u00e9 des tranch\u00e9es \u00ab\u00a0drainantes\u00a0\u00bb<\/strong>&nbsp;afin de limiter les potentielles remont\u00e9es d&rsquo;humidit\u00e9 dans les murs<\/p>\n\n\n\n<p>&#8211;&nbsp;<strong>r\u00e9alis\u00e9 les fouilles des fondations des murs<\/strong>&nbsp;de refend de la suite parentale et du sas<\/p>\n\n\n\n<figure class=\"wp-block-image size-large is-resized\"><img loading=\"lazy\" decoding=\"async\" width=\"768\" height=\"1024\" src=\"https:\/\/vernizy.fr\/wp-content\/uploads\/2023\/11\/fondation_s_par-768x1024.jpg\" alt=\"\" class=\"wp-image-308\" style=\"width:355px;height:auto\" srcset=\"https:\/\/vernizy.fr\/wp-content\/uploads\/2023\/11\/fondation_s_par-768x1024.jpg 768w, https:\/\/vernizy.fr\/wp-content\/uploads\/2023\/11\/fondation_s_par-225x300.jpg 225w, https:\/\/vernizy.fr\/wp-content\/uploads\/2023\/11\/fondation_s_par-1152x1536.jpg 1152w, https:\/\/vernizy.fr\/wp-content\/uploads\/2023\/11\/fondation_s_par-1536x2048.jpg 1536w, https:\/\/vernizy.fr\/wp-content\/uploads\/2023\/11\/fondation_s_par-600x800.jpg 600w, https:\/\/vernizy.fr\/wp-content\/uploads\/2023\/11\/fondation_s_par-scaled.jpg 1920w\" sizes=\"(max-width: 768px) 100vw, 768px\" \/><\/figure>\n\n\n\n<figure class=\"wp-block-image size-large is-resized\"><img loading=\"lazy\" decoding=\"async\" width=\"1024\" height=\"768\" src=\"https:\/\/vernizy.fr\/wp-content\/uploads\/2023\/11\/fondation_SAS-1024x768.jpg\" alt=\"\" class=\"wp-image-309\" style=\"width:360px;height:auto\" srcset=\"https:\/\/vernizy.fr\/wp-content\/uploads\/2023\/11\/fondation_SAS-1024x768.jpg 1024w, https:\/\/vernizy.fr\/wp-content\/uploads\/2023\/11\/fondation_SAS-300x225.jpg 300w, https:\/\/vernizy.fr\/wp-content\/uploads\/2023\/11\/fondation_SAS-768x576.jpg 768w, https:\/\/vernizy.fr\/wp-content\/uploads\/2023\/11\/fondation_SAS-1536x1152.jpg 1536w, https:\/\/vernizy.fr\/wp-content\/uploads\/2023\/11\/fondation_SAS-2048x1536.jpg 2048w, https:\/\/vernizy.fr\/wp-content\/uploads\/2023\/11\/fondation_SAS-600x450.jpg 600w\" sizes=\"(max-width: 1024px) 100vw, 1024px\" \/><\/figure>\n\n\n\n<p>&#8211;&nbsp;<strong>perc\u00e9 les murs p\u00e9riph\u00e9riques pour pr\u00e9parer les sorties des \u00e9vacuations<\/strong><\/p>\n\n\n\n<p>&#8211;&nbsp;<strong>d\u00e9mont\u00e9 la chemin\u00e9e \/ insert&nbsp; du futur s\u00e9jour<\/strong><\/p>\n\n\n\n<figure class=\"wp-block-image size-large is-resized\"><img loading=\"lazy\" decoding=\"async\" width=\"768\" height=\"1024\" src=\"https:\/\/vernizy.fr\/wp-content\/uploads\/2023\/11\/cheminee-768x1024.jpg\" alt=\"\" class=\"wp-image-310\" style=\"width:391px;height:auto\" srcset=\"https:\/\/vernizy.fr\/wp-content\/uploads\/2023\/11\/cheminee-768x1024.jpg 768w, https:\/\/vernizy.fr\/wp-content\/uploads\/2023\/11\/cheminee-225x300.jpg 225w, https:\/\/vernizy.fr\/wp-content\/uploads\/2023\/11\/cheminee-1152x1536.jpg 1152w, https:\/\/vernizy.fr\/wp-content\/uploads\/2023\/11\/cheminee-1536x2048.jpg 1536w, https:\/\/vernizy.fr\/wp-content\/uploads\/2023\/11\/cheminee-600x800.jpg 600w, https:\/\/vernizy.fr\/wp-content\/uploads\/2023\/11\/cheminee-scaled.jpg 1920w\" sizes=\"(max-width: 768px) 100vw, 768px\" \/><\/figure>\n\n\n\n<p>&#8211;&nbsp;<strong>investi dans un fourgon<\/strong>&nbsp;d&rsquo;occasion (Master) que nous sommes all\u00e9s chercher en Alsace pour s&rsquo;approvisionner en mat\u00e9riaux&#8230;.<small><em>(voir le convertir en v\u00e9hicule de transport pour animaux ???)<\/em><\/small><\/p>\n\n\n\n<figure class=\"wp-block-image size-large is-resized\"><img loading=\"lazy\" decoding=\"async\" width=\"1024\" height=\"768\" src=\"https:\/\/vernizy.fr\/wp-content\/uploads\/2023\/11\/camion-1024x768.jpg\" alt=\"\" class=\"wp-image-311\" style=\"width:420px;height:auto\" srcset=\"https:\/\/vernizy.fr\/wp-content\/uploads\/2023\/11\/camion-1024x768.jpg 1024w, https:\/\/vernizy.fr\/wp-content\/uploads\/2023\/11\/camion-300x225.jpg 300w, https:\/\/vernizy.fr\/wp-content\/uploads\/2023\/11\/camion-768x576.jpg 768w, https:\/\/vernizy.fr\/wp-content\/uploads\/2023\/11\/camion-1536x1152.jpg 1536w, https:\/\/vernizy.fr\/wp-content\/uploads\/2023\/11\/camion-2048x1536.jpg 2048w, https:\/\/vernizy.fr\/wp-content\/uploads\/2023\/11\/camion-600x450.jpg 600w\" sizes=\"(max-width: 1024px) 100vw, 1024px\" \/><\/figure>\n\n\n\n<p>Voil\u00e0&#8230;.ces 4 derniers mois auront \u00e9t\u00e9 encore bien charg\u00e9s&#8230;mais nous sommes d\u00e9j\u00e0 pass\u00e9s \u00e0 la \u00ab\u00a0re-construction\u00a0\u00bb depuis d\u00e9but janvier&nbsp;<small>(2019, l&rsquo;ann\u00e9e du neuf&#8230;!!!)<\/small>&nbsp;car nous avons :<\/p>\n\n\n\n<p>&#8211;&nbsp;<strong>couler les fondations des premiers murs de la suite parentale et mont\u00e9 le premier rang de parpaings<\/strong><\/p>\n\n\n\n<figure class=\"wp-block-image size-large is-resized\"><img loading=\"lazy\" decoding=\"async\" width=\"1024\" height=\"768\" src=\"https:\/\/vernizy.fr\/wp-content\/uploads\/2023\/11\/fondations_suite_p-1024x768.jpg\" alt=\"\" class=\"wp-image-312\" style=\"width:409px;height:auto\" srcset=\"https:\/\/vernizy.fr\/wp-content\/uploads\/2023\/11\/fondations_suite_p-1024x768.jpg 1024w, https:\/\/vernizy.fr\/wp-content\/uploads\/2023\/11\/fondations_suite_p-300x225.jpg 300w, https:\/\/vernizy.fr\/wp-content\/uploads\/2023\/11\/fondations_suite_p-768x576.jpg 768w, https:\/\/vernizy.fr\/wp-content\/uploads\/2023\/11\/fondations_suite_p-1536x1152.jpg 1536w, https:\/\/vernizy.fr\/wp-content\/uploads\/2023\/11\/fondations_suite_p-2048x1536.jpg 2048w, https:\/\/vernizy.fr\/wp-content\/uploads\/2023\/11\/fondations_suite_p-600x450.jpg 600w\" sizes=\"(max-width: 1024px) 100vw, 1024px\" \/><\/figure>\n\n\n\n<p>&#8211;&nbsp;<strong>mis en place le poteau de soutien d&rsquo;une poutre porteuse dans la cuisine<\/strong><\/p>\n\n\n\n<figure class=\"wp-block-image size-large is-resized\"><img loading=\"lazy\" decoding=\"async\" width=\"768\" height=\"1024\" src=\"https:\/\/vernizy.fr\/wp-content\/uploads\/2023\/11\/poteau_cuisine-768x1024.jpg\" alt=\"\" class=\"wp-image-313\" style=\"width:370px;height:auto\" srcset=\"https:\/\/vernizy.fr\/wp-content\/uploads\/2023\/11\/poteau_cuisine-768x1024.jpg 768w, https:\/\/vernizy.fr\/wp-content\/uploads\/2023\/11\/poteau_cuisine-225x300.jpg 225w, https:\/\/vernizy.fr\/wp-content\/uploads\/2023\/11\/poteau_cuisine-1152x1536.jpg 1152w, https:\/\/vernizy.fr\/wp-content\/uploads\/2023\/11\/poteau_cuisine-1536x2048.jpg 1536w, https:\/\/vernizy.fr\/wp-content\/uploads\/2023\/11\/poteau_cuisine-600x800.jpg 600w, https:\/\/vernizy.fr\/wp-content\/uploads\/2023\/11\/poteau_cuisine-scaled.jpg 1920w\" sizes=\"(max-width: 768px) 100vw, 768px\" \/><\/figure>\n\n\n\n<p>&#8211;&nbsp;<strong>mis en place les \u00e9vacuations sous les futurs dallages<\/strong><\/p>\n\n\n\n<figure class=\"wp-block-image size-large is-resized\"><img loading=\"lazy\" decoding=\"async\" width=\"768\" height=\"1024\" src=\"https:\/\/vernizy.fr\/wp-content\/uploads\/2023\/11\/evac_2-768x1024.jpg\" alt=\"\" class=\"wp-image-314\" style=\"width:305px;height:auto\" srcset=\"https:\/\/vernizy.fr\/wp-content\/uploads\/2023\/11\/evac_2-768x1024.jpg 768w, https:\/\/vernizy.fr\/wp-content\/uploads\/2023\/11\/evac_2-225x300.jpg 225w, https:\/\/vernizy.fr\/wp-content\/uploads\/2023\/11\/evac_2-1152x1536.jpg 1152w, https:\/\/vernizy.fr\/wp-content\/uploads\/2023\/11\/evac_2-1536x2048.jpg 1536w, https:\/\/vernizy.fr\/wp-content\/uploads\/2023\/11\/evac_2-600x800.jpg 600w, https:\/\/vernizy.fr\/wp-content\/uploads\/2023\/11\/evac_2-scaled.jpg 1920w\" sizes=\"(max-width: 768px) 100vw, 768px\" \/><\/figure>\n\n\n\n<figure class=\"wp-block-image size-large is-resized\"><img loading=\"lazy\" decoding=\"async\" width=\"768\" height=\"1024\" src=\"https:\/\/vernizy.fr\/wp-content\/uploads\/2023\/11\/fondation_s_par-1-768x1024.jpg\" alt=\"\" class=\"wp-image-315\" style=\"width:307px;height:auto\" srcset=\"https:\/\/vernizy.fr\/wp-content\/uploads\/2023\/11\/fondation_s_par-1-768x1024.jpg 768w, https:\/\/vernizy.fr\/wp-content\/uploads\/2023\/11\/fondation_s_par-1-225x300.jpg 225w, https:\/\/vernizy.fr\/wp-content\/uploads\/2023\/11\/fondation_s_par-1-1152x1536.jpg 1152w, https:\/\/vernizy.fr\/wp-content\/uploads\/2023\/11\/fondation_s_par-1-1536x2048.jpg 1536w, https:\/\/vernizy.fr\/wp-content\/uploads\/2023\/11\/fondation_s_par-1-600x800.jpg 600w, https:\/\/vernizy.fr\/wp-content\/uploads\/2023\/11\/fondation_s_par-1-scaled.jpg 1920w\" sizes=\"(max-width: 768px) 100vw, 768px\" \/><\/figure>\n\n\n\n<p><strong>Notre ma\u00e7on a pu pr\u00e9parer et couler le dallage du rez de chauss\u00e9e :<\/strong><\/p>\n\n\n\n<figure class=\"wp-block-image size-large is-resized\"><img loading=\"lazy\" decoding=\"async\" width=\"1024\" height=\"768\" src=\"https:\/\/vernizy.fr\/wp-content\/uploads\/2023\/11\/dallage1-1024x768.jpg\" alt=\"\" class=\"wp-image-316\" style=\"width:314px;height:auto\" srcset=\"https:\/\/vernizy.fr\/wp-content\/uploads\/2023\/11\/dallage1-1024x768.jpg 1024w, https:\/\/vernizy.fr\/wp-content\/uploads\/2023\/11\/dallage1-300x225.jpg 300w, https:\/\/vernizy.fr\/wp-content\/uploads\/2023\/11\/dallage1-768x576.jpg 768w, https:\/\/vernizy.fr\/wp-content\/uploads\/2023\/11\/dallage1-1536x1152.jpg 1536w, https:\/\/vernizy.fr\/wp-content\/uploads\/2023\/11\/dallage1-2048x1536.jpg 2048w, https:\/\/vernizy.fr\/wp-content\/uploads\/2023\/11\/dallage1-600x450.jpg 600w\" sizes=\"(max-width: 1024px) 100vw, 1024px\" \/><\/figure>\n\n\n\n<figure class=\"wp-block-image size-large is-resized\"><img loading=\"lazy\" decoding=\"async\" width=\"1024\" height=\"768\" src=\"https:\/\/vernizy.fr\/wp-content\/uploads\/2023\/11\/dallage2-1024x768.jpg\" alt=\"\" class=\"wp-image-317\" style=\"width:317px;height:auto\" srcset=\"https:\/\/vernizy.fr\/wp-content\/uploads\/2023\/11\/dallage2-1024x768.jpg 1024w, https:\/\/vernizy.fr\/wp-content\/uploads\/2023\/11\/dallage2-300x225.jpg 300w, https:\/\/vernizy.fr\/wp-content\/uploads\/2023\/11\/dallage2-768x576.jpg 768w, https:\/\/vernizy.fr\/wp-content\/uploads\/2023\/11\/dallage2-1536x1152.jpg 1536w, https:\/\/vernizy.fr\/wp-content\/uploads\/2023\/11\/dallage2-2048x1536.jpg 2048w, https:\/\/vernizy.fr\/wp-content\/uploads\/2023\/11\/dallage2-600x450.jpg 600w\" sizes=\"(max-width: 1024px) 100vw, 1024px\" \/><\/figure>\n\n\n\n<p>Les mois prochains devront nous permettre de voir notre chantier avancer encore un peu plus puisqu&rsquo;apr\u00e8s avoir coul\u00e9 les dalles, notre ma\u00e7on va entamer les percements et reprises des diff\u00e9rentes&nbsp;ouvertures ext\u00e9rieures ( 22 portes et fen\u00eatres) et int\u00e9rieures &#8230;<\/p>\n\n\n\n<p>Toutes les huisseries ext\u00e9rieures devraient \u00eatre pos\u00e9es dans la foul\u00e9e courant Mars&#8230;.Peut \u00eatre que d&rsquo;ici l\u00e0 notre couvreur aura r\u00e9alis\u00e9 la r\u00e9novation des toitures&#8230;<\/p>\n\n\n\n<p>Actuellement nous sommes \u00e0 la recherche d&rsquo;un menuiser pour \u00e9tudier la r\u00e9alisation de l&rsquo;escalier qui sera dans le s\u00e9jour&#8230;.<\/p>\n\n\n\n<p>L&rsquo;implantations future de la plomberie est quasi arr\u00eat\u00e9e&#8230;. maintenant il faut plancher sur l&rsquo;\u00e9lectricit\u00e9 (&#8230;. int\u00e9rieure comme ext\u00e9rieure&#8230;) entre autre&#8230;..<\/p>\n\n\n\n<p>Rendez-vous donc dans quelques mois pour faire un nouveau point &#8230;.en attendant, bonne visite dans chaque rubrique pour plus de photos&#8230;.<\/p>\n\n\n\n<p><strong>Les liens directs vers les nouveaux diaporamas : <\/strong><\/p>\n\n\n\n<p>&#8211;>\u00a0<a href=\"https:\/\/photos.app.goo.gl\/u6wmatLFwDza68kW7\" target=\"_blank\" rel=\"noreferrer noopener\">suite parentale 3<\/a><br>&#8211;>\u00a0<a href=\"https:\/\/photos.app.goo.gl\/PkuCoJou5CWDNaPa7\" target=\"_blank\" rel=\"noreferrer noopener\">la buanderie<\/a><br>&#8211;>\u00a0<a href=\"https:\/\/photos.app.goo.gl\/Nmksupox4UnJktRq6\" target=\"_blank\" rel=\"noreferrer noopener\">la cuisine 2<\/a><br>&#8211;>\u00a0<a href=\"https:\/\/photos.app.goo.gl\/LcHNd1Pe3iAUXcGU8\" target=\"_blank\" rel=\"noreferrer noopener\">la cusine 3<\/a><br>&#8211;>\u00a0<a href=\"https:\/\/photos.app.goo.gl\/29zbAmibeo3EqcKm7\" target=\"_blank\" rel=\"noreferrer noopener\">la salle \u00e0 manger \u00a02<\/a><br>&#8211;>\u00a0<a href=\"https:\/\/photos.app.goo.gl\/9s4wsgyb8ahKi6jA7\" target=\"_blank\" rel=\"noreferrer noopener\">le salon 2<\/a><br>&#8211;>\u00a0<a href=\"https:\/\/photos.app.goo.gl\/BbpjzGDXPn1NbZ5E8\" target=\"_blank\" rel=\"noreferrer noopener\">le sas 1<\/a><br>&#8211;>\u00a0<a href=\"https:\/\/photos.app.goo.gl\/FntDadFTL6uCN5Fj7\" target=\"_blank\" rel=\"noreferrer noopener\">les dallages<\/a><br>&#8211;> le jardin \u00a0 \u00a0 : \u00a0&#8211;\u00a0<a href=\"https:\/\/photos.app.goo.gl\/bZFXPFtiU6pZriMZ9\" target=\"_blank\" rel=\"noreferrer noopener\">le jardin 2018<\/a><small>\u00a0\u00a0 \u00a0  <\/small><br>\u00a0 \u00a0 \u00a0 \u00a0 \u00a0 \u00a0 \u00a0 \u00a0 \u00a0 \u00a0 \u00a0 \u00a0 \u00a0 \u00a0&#8211;\u00a0<a href=\"https:\/\/photos.app.goo.gl\/WWlvzJlhIraZvHey1\" target=\"_blank\" rel=\"noreferrer noopener\">les moutons 2018<\/a> <br>\u00a0 \u00a0 \u00a0 \u00a0 \u00a0 \u00a0 \u00a0 \u00a0 \u00a0 \u00a0 \u00a0 \u00a0 \u00a0 \u00a0&#8211;\u00a0<a href=\"https:\/\/photos.app.goo.gl\/EEe7oR1P1K5bJGBAA\" target=\"_blank\" rel=\"noreferrer noopener\">le jardin 2019<\/a> <\/p>\n","protected":false},"excerpt":{"rendered":"<p>Ca y est , 2018, c&rsquo;est termin\u00e9&nbsp;!&nbsp;Cette ann\u00e9e fut longue et difficile ; on ne peut pas se le cacher. Il nous aura fallu tout ce temps pour achever toutes les d\u00e9-constructions pr\u00e9vues&#8230;mais \u00e7a y est , c&rsquo;est enfin fait: finis les d\u00e9caissements, finis les murs \u00e0 abattre, finis les [&hellip;]<\/p>\n","protected":false},"author":1,"featured_media":0,"parent":240,"menu_order":0,"comment_status":"closed","ping_status":"closed","template":"","meta":{"_monsterinsights_skip_tracking":false,"_monsterinsights_sitenote_active":false,"_monsterinsights_sitenote_note":"","_monsterinsights_sitenote_category":0,"footnotes":""},"_links":{"self":[{"href":"https:\/\/vernizy.fr\/index.php?rest_route=\/wp\/v2\/pages\/304"}],"collection":[{"href":"https:\/\/vernizy.fr\/index.php?rest_route=\/wp\/v2\/pages"}],"about":[{"href":"https:\/\/vernizy.fr\/index.php?rest_route=\/wp\/v2\/types\/page"}],"author":[{"embeddable":true,"href":"https:\/\/vernizy.fr\/index.php?rest_route=\/wp\/v2\/users\/1"}],"replies":[{"embeddable":true,"href":"https:\/\/vernizy.fr\/index.php?rest_route=%2Fwp%2Fv2%2Fcomments&post=304"}],"version-history":[{"count":4,"href":"https:\/\/vernizy.fr\/index.php?rest_route=\/wp\/v2\/pages\/304\/revisions"}],"predecessor-version":[{"id":326,"href":"https:\/\/vernizy.fr\/index.php?rest_route=\/wp\/v2\/pages\/304\/revisions\/326"}],"up":[{"embeddable":true,"href":"https:\/\/vernizy.fr\/index.php?rest_route=\/wp\/v2\/pages\/240"}],"wp:attachment":[{"href":"https:\/\/vernizy.fr\/index.php?rest_route=%2Fwp%2Fv2%2Fmedia&parent=304"}],"curies":[{"name":"wp","href":"https:\/\/api.w.org\/{rel}","templated":true}]}}