{"id":337,"date":"2023-11-24T10:23:57","date_gmt":"2023-11-24T09:23:57","guid":{"rendered":"https:\/\/vernizy.fr\/?page_id=337"},"modified":"2023-11-24T10:28:58","modified_gmt":"2023-11-24T09:28:58","slug":"news-5-janvier-2020-bonne-annee","status":"publish","type":"page","link":"https:\/\/vernizy.fr\/?page_id=337","title":{"rendered":"Les News 5 : Janvier 2020, Bonne ann\u00e9e !"},"content":{"rendered":"\n<figure class=\"wp-block-image size-large\"><img loading=\"lazy\" decoding=\"async\" width=\"1024\" height=\"576\" src=\"https:\/\/vernizy.fr\/wp-content\/uploads\/2023\/11\/bonneannee2020-1024x576.jpg\" alt=\"\" class=\"wp-image-338\" srcset=\"https:\/\/vernizy.fr\/wp-content\/uploads\/2023\/11\/bonneannee2020-1024x576.jpg 1024w, https:\/\/vernizy.fr\/wp-content\/uploads\/2023\/11\/bonneannee2020-300x169.jpg 300w, https:\/\/vernizy.fr\/wp-content\/uploads\/2023\/11\/bonneannee2020-768x432.jpg 768w, https:\/\/vernizy.fr\/wp-content\/uploads\/2023\/11\/bonneannee2020-1536x864.jpg 1536w, https:\/\/vernizy.fr\/wp-content\/uploads\/2023\/11\/bonneannee2020-2048x1152.jpg 2048w, https:\/\/vernizy.fr\/wp-content\/uploads\/2023\/11\/bonneannee2020-600x338.jpg 600w\" sizes=\"(max-width: 1024px) 100vw, 1024px\" \/><\/figure>\n\n\n\n<p>Alors quoi de neuf ???<\/p>\n\n\n\n<p>Et bien&nbsp;depuis septembre dernier qui a vu rentrer Louise au lyc\u00e9e et Philippine au coll\u00e8ge, nous nous sommes essentiellement consacr\u00e9s \u00e0 la suite parentale et la buanderie :<\/p>\n\n\n\n<figure class=\"wp-block-image size-large is-resized\"><img loading=\"lazy\" decoding=\"async\" width=\"1024\" height=\"540\" src=\"https:\/\/vernizy.fr\/wp-content\/uploads\/2023\/11\/plachers_buand_parent-1024x540.jpg\" alt=\"\" class=\"wp-image-339\" style=\"width:559px;height:auto\" srcset=\"https:\/\/vernizy.fr\/wp-content\/uploads\/2023\/11\/plachers_buand_parent-1024x540.jpg 1024w, https:\/\/vernizy.fr\/wp-content\/uploads\/2023\/11\/plachers_buand_parent-300x158.jpg 300w, https:\/\/vernizy.fr\/wp-content\/uploads\/2023\/11\/plachers_buand_parent-768x405.jpg 768w, https:\/\/vernizy.fr\/wp-content\/uploads\/2023\/11\/plachers_buand_parent-600x316.jpg 600w, https:\/\/vernizy.fr\/wp-content\/uploads\/2023\/11\/plachers_buand_parent.jpg 1275w\" sizes=\"(max-width: 1024px) 100vw, 1024px\" \/><\/figure>\n\n\n\n<p>O\u00f9 il a fallu :<\/p>\n\n\n\n<p>&#8211; monter des murs en parpaings dans la suite parentale pour supporter le plancher de l&rsquo;\u00e9tage<br>&#8211; couler la fondation des murs porteurs de la buanderie<br>&#8211; monter&nbsp;des murs en parpaings dans la buanderie pour supporter le plancher de la partie salle de bain de la chambre de Philippine+grenier<br>&#8211; pr\u00e9parer des trous de scellement des pi\u00e8ces de fixation&nbsp;<small>(=corbeaux)<\/small>&nbsp;des poutres murali\u00e8res<br>&#8211; r\u00e9aliser les corbeaux et pi\u00e8ces de fixation pour maintenir les murali\u00e8res<br>&#8211; mettre en place et fixer les poutres murali\u00e8res (pour fixer les planchers) dans la suite parentale et la buanderie<br>&#8211; mettre en place et fixer le solivage des planchers<br>&#8211; mettre en place et fixer les planchers<\/p>\n\n\n\n<p>&#8230;&#8230;.\u00a0\u00bb murali\u00e8re ???? &#8230;&#8230; corbeaux ???? &#8230;&#8230; solives &nbsp;?????&#8230;&#8230;..et sabots pour fixer les solives aux murali\u00e8re&#8230;&#8230;.. &nbsp;???? \u00a0\u00bb&nbsp;<strong>&nbsp;K\u00e9sako &nbsp;<\/strong>???<\/p>\n\n\n\n<p>&#8230;un petit sch\u00e9ma pour ceux qui sont largu\u00e9-e-s &#8230;..???<\/p>\n\n\n\n<figure class=\"wp-block-image size-large is-resized\"><img loading=\"lazy\" decoding=\"async\" width=\"1024\" height=\"473\" src=\"https:\/\/vernizy.fr\/wp-content\/uploads\/2023\/11\/plancherbis-1024x473.jpg\" alt=\"\" class=\"wp-image-340\" style=\"width:621px;height:auto\" srcset=\"https:\/\/vernizy.fr\/wp-content\/uploads\/2023\/11\/plancherbis-1024x473.jpg 1024w, https:\/\/vernizy.fr\/wp-content\/uploads\/2023\/11\/plancherbis-300x139.jpg 300w, https:\/\/vernizy.fr\/wp-content\/uploads\/2023\/11\/plancherbis-768x355.jpg 768w, https:\/\/vernizy.fr\/wp-content\/uploads\/2023\/11\/plancherbis-1536x709.jpg 1536w, https:\/\/vernizy.fr\/wp-content\/uploads\/2023\/11\/plancherbis-600x277.jpg 600w, https:\/\/vernizy.fr\/wp-content\/uploads\/2023\/11\/plancherbis.jpg 1626w\" sizes=\"(max-width: 1024px) 100vw, 1024px\" \/><\/figure>\n\n\n\n<p>Sinon en mat\u00e9riaux cela donne \u00e7a :<\/p>\n\n\n\n<figure class=\"wp-block-image size-large is-resized\"><img loading=\"lazy\" decoding=\"async\" width=\"1024\" height=\"576\" src=\"https:\/\/vernizy.fr\/wp-content\/uploads\/2023\/11\/materiaux2019-1024x576.jpg\" alt=\"\" class=\"wp-image-341\" style=\"width:603px;height:auto\" srcset=\"https:\/\/vernizy.fr\/wp-content\/uploads\/2023\/11\/materiaux2019-1024x576.jpg 1024w, https:\/\/vernizy.fr\/wp-content\/uploads\/2023\/11\/materiaux2019-300x169.jpg 300w, https:\/\/vernizy.fr\/wp-content\/uploads\/2023\/11\/materiaux2019-768x432.jpg 768w, https:\/\/vernizy.fr\/wp-content\/uploads\/2023\/11\/materiaux2019-1536x864.jpg 1536w, https:\/\/vernizy.fr\/wp-content\/uploads\/2023\/11\/materiaux2019-2048x1152.jpg 2048w, https:\/\/vernizy.fr\/wp-content\/uploads\/2023\/11\/materiaux2019-600x338.jpg 600w\" sizes=\"(max-width: 1024px) 100vw, 1024px\" \/><\/figure>\n\n\n\n<p>&#8230;et puis quelques sacs de ciment que nous ne comptons plus&#8230;.<\/p>\n\n\n\n<p>En 4 mois, depuis septembre, j&rsquo;ai du d\u00e9pacer environ 1,5 \u00e0 2 tonnes de mat\u00e9riaux par semaine&#8230;<br>D&rsquo;autre soul\u00e8ve de la fonte pour rien, moi je pr\u00e9f\u00e8re varier les plaisirs : quelques seau de b\u00e9ton, quelques parpaings, quelques sacs de ciment&#8230;..etc.<\/p>\n\n\n\n<p>&#8230;.et puis accessoirement, nous avons aussi :<\/p>\n\n\n\n<p>* d\u00e9pos\u00e9 l&rsquo;enduit du mur entre s\u00e9jour et salon pour voir dans quel \u00e9tat il se trouvait<\/p>\n\n\n\n<figure class=\"wp-block-image size-large is-resized\"><img loading=\"lazy\" decoding=\"async\" width=\"884\" height=\"1024\" src=\"https:\/\/vernizy.fr\/wp-content\/uploads\/2023\/11\/sejour4_2-884x1024.jpg\" alt=\"\" class=\"wp-image-342\" style=\"width:368px;height:auto\" srcset=\"https:\/\/vernizy.fr\/wp-content\/uploads\/2023\/11\/sejour4_2-884x1024.jpg 884w, https:\/\/vernizy.fr\/wp-content\/uploads\/2023\/11\/sejour4_2-259x300.jpg 259w, https:\/\/vernizy.fr\/wp-content\/uploads\/2023\/11\/sejour4_2-768x890.jpg 768w, https:\/\/vernizy.fr\/wp-content\/uploads\/2023\/11\/sejour4_2-1326x1536.jpg 1326w, https:\/\/vernizy.fr\/wp-content\/uploads\/2023\/11\/sejour4_2-1767x2048.jpg 1767w, https:\/\/vernizy.fr\/wp-content\/uploads\/2023\/11\/sejour4_2-600x695.jpg 600w\" sizes=\"(max-width: 884px) 100vw, 884px\" \/><\/figure>\n\n\n\n<p>* repris l&rsquo;ancienne ouverture donnant dans le salon car le linteau bois \u00e9tait pourri et les murs des jambages en mauvais \u00e9tat. Dans cette niche sera install\u00e9 un tableau \u00e9lectrique<\/p>\n\n\n\n<figure class=\"wp-block-image size-large is-resized\"><img loading=\"lazy\" decoding=\"async\" width=\"1024\" height=\"576\" src=\"https:\/\/vernizy.fr\/wp-content\/uploads\/2023\/11\/salon_mur_1-1024x576.jpg\" alt=\"\" class=\"wp-image-343\" style=\"width:670px;height:auto\" srcset=\"https:\/\/vernizy.fr\/wp-content\/uploads\/2023\/11\/salon_mur_1-1024x576.jpg 1024w, https:\/\/vernizy.fr\/wp-content\/uploads\/2023\/11\/salon_mur_1-300x169.jpg 300w, https:\/\/vernizy.fr\/wp-content\/uploads\/2023\/11\/salon_mur_1-768x432.jpg 768w, https:\/\/vernizy.fr\/wp-content\/uploads\/2023\/11\/salon_mur_1-1536x864.jpg 1536w, https:\/\/vernizy.fr\/wp-content\/uploads\/2023\/11\/salon_mur_1-2048x1152.jpg 2048w, https:\/\/vernizy.fr\/wp-content\/uploads\/2023\/11\/salon_mur_1-600x338.jpg 600w\" sizes=\"(max-width: 1024px) 100vw, 1024px\" \/><\/figure>\n\n\n\n<figure class=\"wp-block-image size-large is-resized\"><img loading=\"lazy\" decoding=\"async\" width=\"576\" height=\"1024\" src=\"https:\/\/vernizy.fr\/wp-content\/uploads\/2023\/11\/salon_mur_2-576x1024.jpg\" alt=\"\" class=\"wp-image-344\" style=\"width:260px;height:auto\" srcset=\"https:\/\/vernizy.fr\/wp-content\/uploads\/2023\/11\/salon_mur_2-576x1024.jpg 576w, https:\/\/vernizy.fr\/wp-content\/uploads\/2023\/11\/salon_mur_2-169x300.jpg 169w, https:\/\/vernizy.fr\/wp-content\/uploads\/2023\/11\/salon_mur_2-768x1365.jpg 768w, https:\/\/vernizy.fr\/wp-content\/uploads\/2023\/11\/salon_mur_2-864x1536.jpg 864w, https:\/\/vernizy.fr\/wp-content\/uploads\/2023\/11\/salon_mur_2-1152x2048.jpg 1152w, https:\/\/vernizy.fr\/wp-content\/uploads\/2023\/11\/salon_mur_2-600x1067.jpg 600w, https:\/\/vernizy.fr\/wp-content\/uploads\/2023\/11\/salon_mur_2-scaled.jpg 1440w\" sizes=\"(max-width: 576px) 100vw, 576px\" \/><\/figure>\n\n\n\n<figure class=\"wp-block-image size-large is-resized\"><img loading=\"lazy\" decoding=\"async\" width=\"576\" height=\"1024\" src=\"https:\/\/vernizy.fr\/wp-content\/uploads\/2023\/11\/salon_mur_3-576x1024.jpg\" alt=\"\" class=\"wp-image-345\" style=\"width:258px;height:auto\" srcset=\"https:\/\/vernizy.fr\/wp-content\/uploads\/2023\/11\/salon_mur_3-576x1024.jpg 576w, https:\/\/vernizy.fr\/wp-content\/uploads\/2023\/11\/salon_mur_3-169x300.jpg 169w, https:\/\/vernizy.fr\/wp-content\/uploads\/2023\/11\/salon_mur_3-768x1365.jpg 768w, https:\/\/vernizy.fr\/wp-content\/uploads\/2023\/11\/salon_mur_3-864x1536.jpg 864w, https:\/\/vernizy.fr\/wp-content\/uploads\/2023\/11\/salon_mur_3-1152x2048.jpg 1152w, https:\/\/vernizy.fr\/wp-content\/uploads\/2023\/11\/salon_mur_3-600x1067.jpg 600w, https:\/\/vernizy.fr\/wp-content\/uploads\/2023\/11\/salon_mur_3-scaled.jpg 1440w\" sizes=\"(max-width: 576px) 100vw, 576px\" \/><\/figure>\n\n\n\n<p>* termin\u00e9 la premi\u00e8re phase de construction de la cabane de Philippine (la plateforme) .&nbsp;<small><em>Philippine voulait une cabane dans les arbres&#8230;mais \u00e0 10 ans d\u00e9j\u00e0&#8230;.si l&rsquo;on veut qu&rsquo;elle en profite quelques ann\u00e9es&#8230;.il a fallu voir plus grand qu&rsquo;une simple cabane&#8230;donc le projet est en cours de r\u00e9alisation avec la fin de la premi\u00e8re phase : la plate forme sur pilotis&#8230;.<\/em><\/small><\/p>\n\n\n\n<figure class=\"wp-block-image size-large is-resized\"><img loading=\"lazy\" decoding=\"async\" width=\"576\" height=\"1024\" src=\"https:\/\/vernizy.fr\/wp-content\/uploads\/2023\/11\/phiphicabane-576x1024.jpg\" alt=\"\" class=\"wp-image-346\" style=\"width:363px;height:auto\" srcset=\"https:\/\/vernizy.fr\/wp-content\/uploads\/2023\/11\/phiphicabane-576x1024.jpg 576w, https:\/\/vernizy.fr\/wp-content\/uploads\/2023\/11\/phiphicabane-169x300.jpg 169w, https:\/\/vernizy.fr\/wp-content\/uploads\/2023\/11\/phiphicabane-768x1365.jpg 768w, https:\/\/vernizy.fr\/wp-content\/uploads\/2023\/11\/phiphicabane-864x1536.jpg 864w, https:\/\/vernizy.fr\/wp-content\/uploads\/2023\/11\/phiphicabane-1152x2048.jpg 1152w, https:\/\/vernizy.fr\/wp-content\/uploads\/2023\/11\/phiphicabane-600x1067.jpg 600w, https:\/\/vernizy.fr\/wp-content\/uploads\/2023\/11\/phiphicabane-scaled.jpg 1440w\" sizes=\"(max-width: 576px) 100vw, 576px\" \/><\/figure>\n\n\n\n<p>* fait changer notre compteur \u00e9lectrique qui a litt\u00e9ralement grill\u00e9 pendant l&rsquo;intervention d&rsquo;un technicien &nbsp;car il ne fonctionnait plus&nbsp;<em>(le compteur&#8230;.pas le technicien&#8230;..)<\/em>.<br>Donc \u00ab\u00a0bienvenue\u00a0\u00bb \u00e0 notre Super compteur \u00ab\u00a0Linky\u00a0\u00bb&#8230;..merveille de technologie mais incapable de communiquer quoi que ce soit depuis chez nous&#8230;.bref, il ressemble \u00e0 un Linky, fait tout comme un Linky mais n&rsquo;envoie aucune info et est m\u00eame oblig\u00e9 d&rsquo;\u00eate relev\u00e9 comme les anciens compteurs&#8230;.<\/p>\n\n\n\n<figure class=\"wp-block-image size-full is-resized\"><img loading=\"lazy\" decoding=\"async\" width=\"1023\" height=\"921\" src=\"https:\/\/vernizy.fr\/wp-content\/uploads\/2023\/11\/linky.jpg\" alt=\"\" class=\"wp-image-347\" style=\"width:482px;height:auto\" srcset=\"https:\/\/vernizy.fr\/wp-content\/uploads\/2023\/11\/linky.jpg 1023w, https:\/\/vernizy.fr\/wp-content\/uploads\/2023\/11\/linky-300x270.jpg 300w, https:\/\/vernizy.fr\/wp-content\/uploads\/2023\/11\/linky-768x691.jpg 768w, https:\/\/vernizy.fr\/wp-content\/uploads\/2023\/11\/linky-600x540.jpg 600w\" sizes=\"(max-width: 1023px) 100vw, 1023px\" \/><\/figure>\n\n\n\n<p>* d\u00e9monter le plancher de la future chambre de Louise :<\/p>\n\n\n\n<figure class=\"wp-block-image size-large is-resized\"><img loading=\"lazy\" decoding=\"async\" width=\"1024\" height=\"576\" src=\"https:\/\/vernizy.fr\/wp-content\/uploads\/2023\/11\/chambreLouise-1024x576.jpg\" alt=\"\" class=\"wp-image-348\" style=\"width:553px;height:auto\" srcset=\"https:\/\/vernizy.fr\/wp-content\/uploads\/2023\/11\/chambreLouise-1024x576.jpg 1024w, https:\/\/vernizy.fr\/wp-content\/uploads\/2023\/11\/chambreLouise-300x169.jpg 300w, https:\/\/vernizy.fr\/wp-content\/uploads\/2023\/11\/chambreLouise-768x432.jpg 768w, https:\/\/vernizy.fr\/wp-content\/uploads\/2023\/11\/chambreLouise-1536x864.jpg 1536w, https:\/\/vernizy.fr\/wp-content\/uploads\/2023\/11\/chambreLouise-2048x1152.jpg 2048w, https:\/\/vernizy.fr\/wp-content\/uploads\/2023\/11\/chambreLouise-600x338.jpg 600w\" sizes=\"(max-width: 1024px) 100vw, 1024px\" \/><\/figure>\n\n\n\n<p>*&nbsp; et puis comme d&rsquo;habitude maintenant : le pansage et le dressage de nos moutons<\/p>\n\n\n\n<figure class=\"wp-block-image size-large\"><img loading=\"lazy\" decoding=\"async\" width=\"1024\" height=\"473\" src=\"https:\/\/vernizy.fr\/wp-content\/uploads\/2023\/11\/mouton_suiteparent2-1024x473.jpg\" alt=\"\" class=\"wp-image-349\" srcset=\"https:\/\/vernizy.fr\/wp-content\/uploads\/2023\/11\/mouton_suiteparent2-1024x473.jpg 1024w, https:\/\/vernizy.fr\/wp-content\/uploads\/2023\/11\/mouton_suiteparent2-300x138.jpg 300w, https:\/\/vernizy.fr\/wp-content\/uploads\/2023\/11\/mouton_suiteparent2-768x354.jpg 768w, https:\/\/vernizy.fr\/wp-content\/uploads\/2023\/11\/mouton_suiteparent2-1536x709.jpg 1536w, https:\/\/vernizy.fr\/wp-content\/uploads\/2023\/11\/mouton_suiteparent2-2048x945.jpg 2048w, https:\/\/vernizy.fr\/wp-content\/uploads\/2023\/11\/mouton_suiteparent2-600x277.jpg 600w\" sizes=\"(max-width: 1024px) 100vw, 1024px\" \/><\/figure>\n\n\n\n<figure class=\"wp-block-image size-large\"><img loading=\"lazy\" decoding=\"async\" width=\"1024\" height=\"576\" src=\"https:\/\/vernizy.fr\/wp-content\/uploads\/2023\/11\/mouton_suiteparent1-1024x576.jpg\" alt=\"\" class=\"wp-image-350\" srcset=\"https:\/\/vernizy.fr\/wp-content\/uploads\/2023\/11\/mouton_suiteparent1-1024x576.jpg 1024w, https:\/\/vernizy.fr\/wp-content\/uploads\/2023\/11\/mouton_suiteparent1-300x169.jpg 300w, https:\/\/vernizy.fr\/wp-content\/uploads\/2023\/11\/mouton_suiteparent1-768x432.jpg 768w, https:\/\/vernizy.fr\/wp-content\/uploads\/2023\/11\/mouton_suiteparent1-1536x864.jpg 1536w, https:\/\/vernizy.fr\/wp-content\/uploads\/2023\/11\/mouton_suiteparent1-2048x1152.jpg 2048w, https:\/\/vernizy.fr\/wp-content\/uploads\/2023\/11\/mouton_suiteparent1-600x338.jpg 600w\" sizes=\"(max-width: 1024px) 100vw, 1024px\" \/><\/figure>\n\n\n\n<figure class=\"wp-block-image size-large\"><img loading=\"lazy\" decoding=\"async\" width=\"1024\" height=\"576\" src=\"https:\/\/vernizy.fr\/wp-content\/uploads\/2023\/11\/mouton_suiteparent-1024x576.jpg\" alt=\"\" class=\"wp-image-351\" srcset=\"https:\/\/vernizy.fr\/wp-content\/uploads\/2023\/11\/mouton_suiteparent-1024x576.jpg 1024w, https:\/\/vernizy.fr\/wp-content\/uploads\/2023\/11\/mouton_suiteparent-300x169.jpg 300w, https:\/\/vernizy.fr\/wp-content\/uploads\/2023\/11\/mouton_suiteparent-768x432.jpg 768w, https:\/\/vernizy.fr\/wp-content\/uploads\/2023\/11\/mouton_suiteparent-1536x864.jpg 1536w, https:\/\/vernizy.fr\/wp-content\/uploads\/2023\/11\/mouton_suiteparent-2048x1152.jpg 2048w, https:\/\/vernizy.fr\/wp-content\/uploads\/2023\/11\/mouton_suiteparent-600x338.jpg 600w\" sizes=\"(max-width: 1024px) 100vw, 1024px\" \/><\/figure>\n\n\n\n<figure class=\"wp-block-image size-full is-resized\"><img loading=\"lazy\" decoding=\"async\" width=\"640\" height=\"352\" src=\"https:\/\/vernizy.fr\/wp-content\/uploads\/2023\/11\/vlcsnap-2020-01-08-11h46m07s653.png\" alt=\"\" class=\"wp-image-352\" style=\"width:373px;height:auto\" srcset=\"https:\/\/vernizy.fr\/wp-content\/uploads\/2023\/11\/vlcsnap-2020-01-08-11h46m07s653.png 640w, https:\/\/vernizy.fr\/wp-content\/uploads\/2023\/11\/vlcsnap-2020-01-08-11h46m07s653-300x165.png 300w, https:\/\/vernizy.fr\/wp-content\/uploads\/2023\/11\/vlcsnap-2020-01-08-11h46m07s653-600x330.png 600w\" sizes=\"(max-width: 640px) 100vw, 640px\" \/><\/figure>\n\n\n\n<p>&nbsp; &nbsp; &nbsp; &nbsp; &nbsp; &nbsp; &nbsp; &nbsp;&nbsp;<strong>&nbsp;&#8211;&gt;&nbsp;<\/strong>&nbsp;<em><a href=\"https:\/\/photos.app.goo.gl\/QzJ8ybS9LBD6eMoWA\" target=\"_blank\" rel=\"noreferrer noopener\">cliquez &nbsp;ici<\/a>&nbsp;<\/em>&nbsp;<strong>&lt;&#8211;<\/strong><small>&nbsp; &nbsp;pour voir une s\u00e9ance de dressage<\/small><\/p>\n\n\n\n<p>Voil\u00e0 pour les derni\u00e8res avanc\u00e9es du chantier.  Encore une fois \u00ab\u00a0Bonne ann\u00e9e 2020 ! \u00ab\u00a0<\/p>\n\n\n\n<p>&nbsp; &nbsp; &nbsp; &nbsp; &nbsp;Bons diaporamas et \u00e0 bient\u00f4t&#8230;&#8230;&#8230;&#8230;..<br>&nbsp; &nbsp; &nbsp; &nbsp; &nbsp; &nbsp; &nbsp; &nbsp; &nbsp; &nbsp; &nbsp; &nbsp; &nbsp; &nbsp; &nbsp; &nbsp; &nbsp; &nbsp; &nbsp; &nbsp; &nbsp; &nbsp; &nbsp; &nbsp; &nbsp; &nbsp;&nbsp;&nbsp;&#8230;&#8230;&#8230;&#8230; l&rsquo;aventure continue &nbsp;!!!!<\/p>\n\n\n\n<p><\/p>\n\n\n\n<p><\/p>\n\n\n\n<p><strong>Les liens directs vers les nouveaux diaporamas<\/strong> (92 photos) :<\/p>\n\n\n\n<p>&#8211;>\u00a0<a href=\"https:\/\/photos.app.goo.gl\/wWRPgQPZrWNJbybV8\" target=\"_blank\" rel=\"noreferrer noopener\">les planchers dans la suite parentale<\/a><br>&#8211;>\u00a0<a href=\"https:\/\/photos.app.goo.gl\/MFDVhGEzCVpLLckRA\" target=\"_blank\" rel=\"noreferrer noopener\">les planchers dans la buanderie<\/a><br>&#8211;>\u00a0<a href=\"https:\/\/photos.app.goo.gl\/b5WTmRwcsj277H9W9\" target=\"_blank\" rel=\"noreferrer noopener\">le jardin (2\/2)<\/a><small><em>\u00a0<\/em><\/small><br>&#8211;>\u00a0<a href=\"https:\/\/photos.app.goo.gl\/Qp3bpNgiBLAQRoAc8\" target=\"_blank\" rel=\"noreferrer noopener\">la cabane de Phiphi<\/a><small><em>\u00a0<\/em><\/small><br>&#8211;>\u00a0<a href=\"https:\/\/photos.app.goo.gl\/rzrBFYg4Jv8piuLt7\" target=\"_blank\" rel=\"noreferrer noopener\">d\u00e9pose d&rsquo;enduit dans le s\u00e9jour<\/a><br>&#8211;>\u00a0<a href=\"https:\/\/photos.app.goo.gl\/yMpCGKE8trg86mKw9\" target=\"_blank\" rel=\"noreferrer noopener\">d\u00e9pose du plancher de la chambre de Louise<\/a><\/p>\n","protected":false},"excerpt":{"rendered":"<p>Alors quoi de neuf ??? Et bien&nbsp;depuis septembre dernier qui a vu rentrer Louise au lyc\u00e9e et Philippine au coll\u00e8ge, nous nous sommes essentiellement consacr\u00e9s \u00e0 la suite parentale et la buanderie : O\u00f9 il a fallu : &#8211; monter des murs en parpaings dans la suite parentale pour supporter [&hellip;]<\/p>\n","protected":false},"author":1,"featured_media":0,"parent":240,"menu_order":0,"comment_status":"closed","ping_status":"closed","template":"","meta":{"_monsterinsights_skip_tracking":false,"_monsterinsights_sitenote_active":false,"_monsterinsights_sitenote_note":"","_monsterinsights_sitenote_category":0,"footnotes":""},"_links":{"self":[{"href":"https:\/\/vernizy.fr\/index.php?rest_route=\/wp\/v2\/pages\/337"}],"collection":[{"href":"https:\/\/vernizy.fr\/index.php?rest_route=\/wp\/v2\/pages"}],"about":[{"href":"https:\/\/vernizy.fr\/index.php?rest_route=\/wp\/v2\/types\/page"}],"author":[{"embeddable":true,"href":"https:\/\/vernizy.fr\/index.php?rest_route=\/wp\/v2\/users\/1"}],"replies":[{"embeddable":true,"href":"https:\/\/vernizy.fr\/index.php?rest_route=%2Fwp%2Fv2%2Fcomments&post=337"}],"version-history":[{"count":3,"href":"https:\/\/vernizy.fr\/index.php?rest_route=\/wp\/v2\/pages\/337\/revisions"}],"predecessor-version":[{"id":357,"href":"https:\/\/vernizy.fr\/index.php?rest_route=\/wp\/v2\/pages\/337\/revisions\/357"}],"up":[{"embeddable":true,"href":"https:\/\/vernizy.fr\/index.php?rest_route=\/wp\/v2\/pages\/240"}],"wp:attachment":[{"href":"https:\/\/vernizy.fr\/index.php?rest_route=%2Fwp%2Fv2%2Fmedia&parent=337"}],"curies":[{"name":"wp","href":"https:\/\/api.w.org\/{rel}","templated":true}]}}