{"id":359,"date":"2023-11-24T10:39:58","date_gmt":"2023-11-24T09:39:58","guid":{"rendered":"https:\/\/vernizy.fr\/?page_id=359"},"modified":"2023-11-24T12:31:52","modified_gmt":"2023-11-24T11:31:52","slug":"les-news-6-novembre-2020-des-nouvelles-du-chantier","status":"publish","type":"page","link":"https:\/\/vernizy.fr\/?page_id=359","title":{"rendered":"Les news 6 : Novembre 2020, des nouvelles du chantier"},"content":{"rendered":"\n<figure class=\"wp-block-image size-large\"><img loading=\"lazy\" decoding=\"async\" width=\"1024\" height=\"571\" src=\"https:\/\/vernizy.fr\/wp-content\/uploads\/2023\/11\/news2020_1_titre-1024x571.jpg\" alt=\"\" class=\"wp-image-360\" srcset=\"https:\/\/vernizy.fr\/wp-content\/uploads\/2023\/11\/news2020_1_titre-1024x571.jpg 1024w, https:\/\/vernizy.fr\/wp-content\/uploads\/2023\/11\/news2020_1_titre-300x167.jpg 300w, https:\/\/vernizy.fr\/wp-content\/uploads\/2023\/11\/news2020_1_titre-768x428.jpg 768w, https:\/\/vernizy.fr\/wp-content\/uploads\/2023\/11\/news2020_1_titre-1536x857.jpg 1536w, https:\/\/vernizy.fr\/wp-content\/uploads\/2023\/11\/news2020_1_titre-2048x1142.jpg 2048w, https:\/\/vernizy.fr\/wp-content\/uploads\/2023\/11\/news2020_1_titre-600x335.jpg 600w\" sizes=\"(max-width: 1024px) 100vw, 1024px\" \/><\/figure>\n\n\n\n<p>Bonjour \u00e0 tous,<\/p>\n\n\n\n<p>&nbsp;&nbsp;&nbsp;&nbsp; en esp\u00e9rant que tout le monde va pour le mieux&#8230;.<\/p>\n\n\n\n<p>Comme tous, nous avons \u00e9t\u00e9 quelque peu perturb\u00e9s par ce d\u00e9but d&rsquo;ann\u00e9e chaotique et peu commun &#8230;et voici que la fin d&rsquo;ann\u00e9e s&rsquo;annonce gu\u00e8re mieux&#8230;.mais nous essayons de mener au mieux la suite de nos travaux&#8230;et le reste bien s\u00fbr&#8230;..<\/p>\n\n\n\n<p>Depuis le d\u00e9but de l&rsquo;ann\u00e9e, nous nous sommes essentiellement concentr\u00e9s sur le 1er \u00e9tage pour lequel nous avons finalement fait comme pour le rez-de-chauss\u00e9e, \u00e0 savoir : tout d\u00e9mont\u00e9 ! Les murs, pour revenir aux pierre d&rsquo;origines, les planchers&#8230;.les plafonds&#8230;. bref, tout ce qui pouvaient \u00eatre enlev\u00e9 , l&rsquo;a \u00e9t\u00e9&#8230;.tout ce qui devait rester a \u00e9t\u00e9 v\u00e9rifi\u00e9, r\u00e9par\u00e9 ou refait&#8230;&#8230;<\/p>\n\n\n\n<p>Un peu de retard pour cette mise \u00e0 jour car les chantiers se succ\u00e8dent, les photos aussi&#8230;.et les journ\u00e9es ne font toujours pas plus de 24h&#8230;.<br>Je souhaitais finir certains chantiers pour r\u00e9aliser des diaporamas \u00ab\u00a0complets\u00a0\u00bb mais cela ne peut plus \u00eatre le cas&#8230; : plusieurs chantiers sont concomitants pour \u00ab\u00a0x\u00a0\u00bb raisons&#8230; donc impossible d&rsquo;arr\u00eater de prendre des photos et trouver un moment o\u00f9 les chantiers sont \u00e0 l&rsquo;arr\u00eat en m\u00eame temps&#8230;.pour faire les diaporamas&#8230; Tant pis, je me tiendrai au rythme de 2 mises \u00e0 jour par an, m\u00eame si le d\u00e9but et la fin d&rsquo;un chantier sont sur 2 diaporamas diff\u00e9rents&#8230;<\/p>\n\n\n\n<p>Dans les diaporamas de cette mise \u00e0 jour, vous trouverez :<br>&#8211; du grattage de murs (encore), de l&rsquo;enduisage de murs&#8230;.un peu partout.<br>&#8211; de l&rsquo;arrachage de plancher&#8230;.dans la chambre de Philippine<br>&#8211; de la reprise de plancher en ch\u00eane&#8230;pour la chambre de Philippine et le pallier du 1er \u00e9tage<br>&#8211; de la cr\u00e9ation de plancher&#8230;.dans la chambre de Louise<br>&#8211; du d\u00e9montage de plafond &#8230;.dans la chambre de Louise<br>&#8211; un peu de ma\u00e7onnerie, de la tron\u00e7onneuse, du travail du bois et de la pierre &#8230;un peu partout&#8230;.<br>&#8211; pas mal de poussi\u00e8re aussi !!!<\/p>\n\n\n\n<p>&#8211; mais surtout pas mal de photos de bons moments pass\u00e9s au grand air !!!<\/p>\n\n\n\n<figure class=\"wp-block-image size-large\"><img loading=\"lazy\" decoding=\"async\" width=\"1024\" height=\"461\" src=\"https:\/\/vernizy.fr\/wp-content\/uploads\/2023\/11\/Louise_Phiphi_foin-1024x461.jpg\" alt=\"\" class=\"wp-image-361\" srcset=\"https:\/\/vernizy.fr\/wp-content\/uploads\/2023\/11\/Louise_Phiphi_foin-1024x461.jpg 1024w, https:\/\/vernizy.fr\/wp-content\/uploads\/2023\/11\/Louise_Phiphi_foin-300x135.jpg 300w, https:\/\/vernizy.fr\/wp-content\/uploads\/2023\/11\/Louise_Phiphi_foin-768x346.jpg 768w, https:\/\/vernizy.fr\/wp-content\/uploads\/2023\/11\/Louise_Phiphi_foin-1536x691.jpg 1536w, https:\/\/vernizy.fr\/wp-content\/uploads\/2023\/11\/Louise_Phiphi_foin-2048x922.jpg 2048w, https:\/\/vernizy.fr\/wp-content\/uploads\/2023\/11\/Louise_Phiphi_foin-600x270.jpg 600w\" sizes=\"(max-width: 1024px) 100vw, 1024px\" \/><\/figure>\n\n\n\n<figure class=\"wp-block-image size-large is-resized\"><img loading=\"lazy\" decoding=\"async\" width=\"1024\" height=\"1001\" src=\"https:\/\/vernizy.fr\/wp-content\/uploads\/2023\/11\/Anne2020-1024x1001.jpg\" alt=\"\" class=\"wp-image-362\" style=\"width:366px;height:auto\" srcset=\"https:\/\/vernizy.fr\/wp-content\/uploads\/2023\/11\/Anne2020-1024x1001.jpg 1024w, https:\/\/vernizy.fr\/wp-content\/uploads\/2023\/11\/Anne2020-300x293.jpg 300w, https:\/\/vernizy.fr\/wp-content\/uploads\/2023\/11\/Anne2020-768x750.jpg 768w, https:\/\/vernizy.fr\/wp-content\/uploads\/2023\/11\/Anne2020-1536x1501.jpg 1536w, https:\/\/vernizy.fr\/wp-content\/uploads\/2023\/11\/Anne2020-600x586.jpg 600w, https:\/\/vernizy.fr\/wp-content\/uploads\/2023\/11\/Anne2020.jpg 1836w\" sizes=\"(max-width: 1024px) 100vw, 1024px\" \/><\/figure>\n\n\n\n<figure class=\"wp-block-image size-large is-resized\"><img loading=\"lazy\" decoding=\"async\" width=\"851\" height=\"1024\" src=\"https:\/\/vernizy.fr\/wp-content\/uploads\/2023\/11\/Mick2020-851x1024.jpg\" alt=\"\" class=\"wp-image-363\" style=\"width:364px;height:auto\" srcset=\"https:\/\/vernizy.fr\/wp-content\/uploads\/2023\/11\/Mick2020-851x1024.jpg 851w, https:\/\/vernizy.fr\/wp-content\/uploads\/2023\/11\/Mick2020-249x300.jpg 249w, https:\/\/vernizy.fr\/wp-content\/uploads\/2023\/11\/Mick2020-768x924.jpg 768w, https:\/\/vernizy.fr\/wp-content\/uploads\/2023\/11\/Mick2020-1276x1536.jpg 1276w, https:\/\/vernizy.fr\/wp-content\/uploads\/2023\/11\/Mick2020-600x722.jpg 600w, https:\/\/vernizy.fr\/wp-content\/uploads\/2023\/11\/Mick2020.jpg 1356w\" sizes=\"(max-width: 851px) 100vw, 851px\" \/><\/figure>\n\n\n\n<p>Bons diaporamas et \u00e0 bient\u00f4t&#8230;&#8230;&#8230;&#8230;..<br>&nbsp; &nbsp; &nbsp; &nbsp; &nbsp; &nbsp; &nbsp; &nbsp; &nbsp; &nbsp; &nbsp; &nbsp; &nbsp; &nbsp; &nbsp; &nbsp; &nbsp; &nbsp; &nbsp; &nbsp; &nbsp; &nbsp; &nbsp; &nbsp; &nbsp; &nbsp;&nbsp;&nbsp;&#8230;&#8230;&#8230;&#8230; l&rsquo;aventure continue &nbsp;!!!!<\/p>\n\n\n\n<p>Liens directs vers les nouveaux diaporamas  ( 239 photos) :<\/p>\n\n\n\n<p><small><em>Rappel : quand la fen\u00eatre de l&rsquo;album s&rsquo;ouvre, cliquez sur la premi\u00e8re photo pour voir la diaporama d\u00e9fil\u00e9 avec &#8211;&gt; ou &lt;&#8211;<\/em><\/small><\/p>\n\n\n\n<p>&#8211;&gt;&nbsp;<a href=\"https:\/\/photos.app.goo.gl\/wWkkNuXXdsbzXwKb9\" target=\"_blank\" rel=\"noreferrer noopener\">chambre d&rsquo;amis (1)&nbsp;<\/a><br>&#8211;&gt;&nbsp;<a href=\"https:\/\/photos.app.goo.gl\/nk38pg5Lv1gRvNh4A\" target=\"_blank\" rel=\"noreferrer noopener\">le palier du 1er \u00e9tage (2)<\/a><\/p>\n\n\n\n<p>&#8211;>\u00a0<a href=\"https:\/\/photos.app.goo.gl\/VNGG9Kprwrj4KJuB8\" target=\"_blank\" rel=\"noreferrer noopener\">la chambre de Philippine<\/a>\u00a0(3)\u00a0\u00a0 \u00a0 \u00a0 \u00a0 \u00a0 \u00a0 \u00a0 \u00a0\u00a0 \u00a0 \u00a0\u00a0 \u00a0 \u00a0 <br>&#8211;>\u00a0<a href=\"https:\/\/photos.app.goo.gl\/mf37TjtZnX7jEJ738\" target=\"_blank\" rel=\"noreferrer noopener\">la chambre de Louise (3)<\/a><small><em>\u00a0<\/em><\/small><br>&#8211;>\u00a0<a href=\"https:\/\/photos.app.goo.gl\/qdDSq7KnJqbeV2do8\" target=\"_blank\" rel=\"noreferrer noopener\">le jardin 2020 (1)<\/a><br>&#8211;>\u00a0<a href=\"https:\/\/photos.app.goo.gl\/aeCDwQbKkd2RPE2Z6\" target=\"_blank\" rel=\"noreferrer noopener\">le potager 2020 (1)<\/a><br>&#8211;>\u00a0<a href=\"https:\/\/photos.app.goo.gl\/SiDcmvpJMWbF8dFe9\" target=\"_blank\" rel=\"noreferrer noopener\">suite parentale (6)<\/a><br>&#8211;>\u00a0<a href=\"https:\/\/photos.app.goo.gl\/WJbJqbwSzECCe9rY8\" target=\"_blank\" rel=\"noreferrer noopener\">la buanderie (3)<\/a><\/p>\n","protected":false},"excerpt":{"rendered":"<p>Bonjour \u00e0 tous, &nbsp;&nbsp;&nbsp;&nbsp; en esp\u00e9rant que tout le monde va pour le mieux&#8230;. Comme tous, nous avons \u00e9t\u00e9 quelque peu perturb\u00e9s par ce d\u00e9but d&rsquo;ann\u00e9e chaotique et peu commun &#8230;et voici que la fin d&rsquo;ann\u00e9e s&rsquo;annonce gu\u00e8re mieux&#8230;.mais nous essayons de mener au mieux la suite de nos travaux&#8230;et [&hellip;]<\/p>\n","protected":false},"author":1,"featured_media":0,"parent":240,"menu_order":0,"comment_status":"closed","ping_status":"closed","template":"","meta":{"_monsterinsights_skip_tracking":false,"_monsterinsights_sitenote_active":false,"_monsterinsights_sitenote_note":"","_monsterinsights_sitenote_category":0,"footnotes":""},"_links":{"self":[{"href":"https:\/\/vernizy.fr\/index.php?rest_route=\/wp\/v2\/pages\/359"}],"collection":[{"href":"https:\/\/vernizy.fr\/index.php?rest_route=\/wp\/v2\/pages"}],"about":[{"href":"https:\/\/vernizy.fr\/index.php?rest_route=\/wp\/v2\/types\/page"}],"author":[{"embeddable":true,"href":"https:\/\/vernizy.fr\/index.php?rest_route=\/wp\/v2\/users\/1"}],"replies":[{"embeddable":true,"href":"https:\/\/vernizy.fr\/index.php?rest_route=%2Fwp%2Fv2%2Fcomments&post=359"}],"version-history":[{"count":2,"href":"https:\/\/vernizy.fr\/index.php?rest_route=\/wp\/v2\/pages\/359\/revisions"}],"predecessor-version":[{"id":366,"href":"https:\/\/vernizy.fr\/index.php?rest_route=\/wp\/v2\/pages\/359\/revisions\/366"}],"up":[{"embeddable":true,"href":"https:\/\/vernizy.fr\/index.php?rest_route=\/wp\/v2\/pages\/240"}],"wp:attachment":[{"href":"https:\/\/vernizy.fr\/index.php?rest_route=%2Fwp%2Fv2%2Fmedia&parent=359"}],"curies":[{"name":"wp","href":"https:\/\/api.w.org\/{rel}","templated":true}]}}