{"id":397,"date":"2023-11-24T11:25:35","date_gmt":"2023-11-24T10:25:35","guid":{"rendered":"https:\/\/vernizy.fr\/?page_id=397"},"modified":"2023-11-24T11:34:49","modified_gmt":"2023-11-24T10:34:49","slug":"la-chambre-de-louise","status":"publish","type":"page","link":"https:\/\/vernizy.fr\/?page_id=397","title":{"rendered":"La chambre de Louise"},"content":{"rendered":"\n<figure class=\"wp-block-image size-full\"><img loading=\"lazy\" decoding=\"async\" width=\"309\" height=\"437\" src=\"https:\/\/vernizy.fr\/wp-content\/uploads\/2023\/11\/Chambre1-3.jpg\" alt=\"\" class=\"wp-image-415\" srcset=\"https:\/\/vernizy.fr\/wp-content\/uploads\/2023\/11\/Chambre1-3.jpg 309w, https:\/\/vernizy.fr\/wp-content\/uploads\/2023\/11\/Chambre1-3-212x300.jpg 212w\" sizes=\"(max-width: 309px) 100vw, 309px\" \/><\/figure>\n\n\n\n<p><\/p>\n\n\n\n<p><a href=\"https:\/\/photos.app.goo.gl\/ZhmEueyidhryMABV9\" target=\"_blank\" rel=\"noreferrer noopener\"><strong>4 (2021\/2022) : charpenterie, plafond<\/strong><\/a><a href=\"https:\/\/photos.app.goo.gl\/ZhmEueyidhryMABV9\" target=\"_blank\" rel=\"noreferrer noopener\"><br><\/a><br><a href=\"https:\/\/photos.app.goo.gl\/mf37TjtZnX7jEJ738\" target=\"_blank\" rel=\"noreferrer noopener\"><strong>3 (2020) : solivage+pose du plancher, d\u00e9pose des enduits, d\u00e9pose du plafond<\/strong><\/a><\/p>\n\n\n\n<p><a target=\"_blank\" href=\"https:\/\/photos.app.goo.gl\/yMpCGKE8trg86mKw9\" rel=\"noreferrer noopener\"><strong>2 (2019-2020) : D\u00e9pose du plancher<\/strong><\/a><\/p>\n\n\n\n<p><a target=\"_blank\" href=\"https:\/\/photos.app.goo.gl\/YE6uXOZOwpuX7w8i2\" rel=\"noreferrer noopener\"><strong>1 (2018)&nbsp; : D\u00e9pose du sol<\/strong><\/a><\/p>\n","protected":false},"excerpt":{"rendered":"<p>4 (2021\/2022) : charpenterie, plafond3 (2020) : solivage+pose du plancher, d\u00e9pose des enduits, d\u00e9pose du plafond 2 (2019-2020) : D\u00e9pose du plancher 1 (2018)&nbsp; : D\u00e9pose du sol<\/p>\n","protected":false},"author":1,"featured_media":413,"parent":269,"menu_order":0,"comment_status":"closed","ping_status":"closed","template":"","meta":{"_monsterinsights_skip_tracking":false,"_monsterinsights_sitenote_active":false,"_monsterinsights_sitenote_note":"","_monsterinsights_sitenote_category":0,"footnotes":""},"_links":{"self":[{"href":"https:\/\/vernizy.fr\/index.php?rest_route=\/wp\/v2\/pages\/397"}],"collection":[{"href":"https:\/\/vernizy.fr\/index.php?rest_route=\/wp\/v2\/pages"}],"about":[{"href":"https:\/\/vernizy.fr\/index.php?rest_route=\/wp\/v2\/types\/page"}],"author":[{"embeddable":true,"href":"https:\/\/vernizy.fr\/index.php?rest_route=\/wp\/v2\/users\/1"}],"replies":[{"embeddable":true,"href":"https:\/\/vernizy.fr\/index.php?rest_route=%2Fwp%2Fv2%2Fcomments&post=397"}],"version-history":[{"count":4,"href":"https:\/\/vernizy.fr\/index.php?rest_route=\/wp\/v2\/pages\/397\/revisions"}],"predecessor-version":[{"id":422,"href":"https:\/\/vernizy.fr\/index.php?rest_route=\/wp\/v2\/pages\/397\/revisions\/422"}],"up":[{"embeddable":true,"href":"https:\/\/vernizy.fr\/index.php?rest_route=\/wp\/v2\/pages\/269"}],"wp:featuredmedia":[{"embeddable":true,"href":"https:\/\/vernizy.fr\/index.php?rest_route=\/wp\/v2\/media\/413"}],"wp:attachment":[{"href":"https:\/\/vernizy.fr\/index.php?rest_route=%2Fwp%2Fv2%2Fmedia&parent=397"}],"curies":[{"name":"wp","href":"https:\/\/api.w.org\/{rel}","templated":true}]}}