{"id":418,"date":"2023-11-24T11:39:55","date_gmt":"2023-11-24T10:39:55","guid":{"rendered":"https:\/\/vernizy.fr\/?page_id=418"},"modified":"2023-11-24T11:43:28","modified_gmt":"2023-11-24T10:43:28","slug":"le-palier","status":"publish","type":"page","link":"https:\/\/vernizy.fr\/?page_id=418","title":{"rendered":"Le palier"},"content":{"rendered":"\n<figure class=\"wp-block-image size-full\"><img loading=\"lazy\" decoding=\"async\" width=\"299\" height=\"416\" src=\"https:\/\/vernizy.fr\/wp-content\/uploads\/2023\/11\/Pallier.jpg\" alt=\"\" class=\"wp-image-419\" srcset=\"https:\/\/vernizy.fr\/wp-content\/uploads\/2023\/11\/Pallier.jpg 299w, https:\/\/vernizy.fr\/wp-content\/uploads\/2023\/11\/Pallier-216x300.jpg 216w\" sizes=\"(max-width: 299px) 100vw, 299px\" \/><\/figure>\n\n\n\n<p><\/p>\n\n\n\n<p><a href=\"https:\/\/photos.app.goo.gl\/6kfrg2SLKqEURwy17\" target=\"_blank\" rel=\"noreferrer noopener\">3 (2021) : plancher, plafond SdB chambre ami<\/a><\/p>\n\n\n\n<p><a target=\"_blank\" href=\"https:\/\/photos.app.goo.gl\/nk38pg5Lv1gRvNh4A\" rel=\"noreferrer noopener\">2 (2020) : D\u00e9pose du sol, reprise plancher, tr\u00e9mie, plafond SdB chambre amis<\/a><\/p>\n\n\n\n<p><a target=\"_blank\" href=\"https:\/\/photos.app.goo.gl\/UXYuJMNWMB3LniYJ2\" rel=\"noreferrer noopener\">1 (2018-2019) : D\u00e9pose des cloisons<\/a><\/p>\n","protected":false},"excerpt":{"rendered":"<p>3 (2021) : plancher, plafond SdB chambre ami 2 (2020) : D\u00e9pose du sol, reprise plancher, tr\u00e9mie, plafond SdB chambre amis 1 (2018-2019) : D\u00e9pose des cloisons<\/p>\n","protected":false},"author":1,"featured_media":420,"parent":269,"menu_order":0,"comment_status":"closed","ping_status":"closed","template":"","meta":{"_monsterinsights_skip_tracking":false,"_monsterinsights_sitenote_active":false,"_monsterinsights_sitenote_note":"","_monsterinsights_sitenote_category":0,"footnotes":""},"_links":{"self":[{"href":"https:\/\/vernizy.fr\/index.php?rest_route=\/wp\/v2\/pages\/418"}],"collection":[{"href":"https:\/\/vernizy.fr\/index.php?rest_route=\/wp\/v2\/pages"}],"about":[{"href":"https:\/\/vernizy.fr\/index.php?rest_route=\/wp\/v2\/types\/page"}],"author":[{"embeddable":true,"href":"https:\/\/vernizy.fr\/index.php?rest_route=\/wp\/v2\/users\/1"}],"replies":[{"embeddable":true,"href":"https:\/\/vernizy.fr\/index.php?rest_route=%2Fwp%2Fv2%2Fcomments&post=418"}],"version-history":[{"count":1,"href":"https:\/\/vernizy.fr\/index.php?rest_route=\/wp\/v2\/pages\/418\/revisions"}],"predecessor-version":[{"id":421,"href":"https:\/\/vernizy.fr\/index.php?rest_route=\/wp\/v2\/pages\/418\/revisions\/421"}],"up":[{"embeddable":true,"href":"https:\/\/vernizy.fr\/index.php?rest_route=\/wp\/v2\/pages\/269"}],"wp:featuredmedia":[{"embeddable":true,"href":"https:\/\/vernizy.fr\/index.php?rest_route=\/wp\/v2\/media\/420"}],"wp:attachment":[{"href":"https:\/\/vernizy.fr\/index.php?rest_route=%2Fwp%2Fv2%2Fmedia&parent=418"}],"curies":[{"name":"wp","href":"https:\/\/api.w.org\/{rel}","templated":true}]}}