{"id":454,"date":"2023-11-24T13:02:07","date_gmt":"2023-11-24T12:02:07","guid":{"rendered":"https:\/\/vernizy.fr\/?page_id=454"},"modified":"2023-11-24T13:14:02","modified_gmt":"2023-11-24T12:14:02","slug":"6_-divers","status":"publish","type":"page","link":"https:\/\/vernizy.fr\/?page_id=454","title":{"rendered":"5_ Divers"},"content":{"rendered":"\n<figure class=\"wp-block-image size-full\"><img loading=\"lazy\" decoding=\"async\" width=\"850\" height=\"202\" src=\"https:\/\/vernizy.fr\/wp-content\/uploads\/2023\/11\/facades-5.jpg\" alt=\"\" class=\"wp-image-456\" srcset=\"https:\/\/vernizy.fr\/wp-content\/uploads\/2023\/11\/facades-5.jpg 850w, https:\/\/vernizy.fr\/wp-content\/uploads\/2023\/11\/facades-5-300x71.jpg 300w, https:\/\/vernizy.fr\/wp-content\/uploads\/2023\/11\/facades-5-768x183.jpg 768w, https:\/\/vernizy.fr\/wp-content\/uploads\/2023\/11\/facades-5-600x143.jpg 600w\" sizes=\"(max-width: 850px) 100vw, 850px\" \/><\/figure>\n\n\n\n<p><em>..ici \u00a0seront rapport\u00e9s les travaux plus g\u00e9n\u00e9raux qui porteront sur un ensemble de pi\u00e8ces ou d&rsquo;un \u00e9tage&#8230;<br><\/em><\/p>\n\n\n\n<p><\/p>\n\n\n\n<p><\/p>\n\n\n\n<p><a href=\"https:\/\/photos.app.goo.gl\/iQVqcs1DjUKy5aPJ7\" target=\"_blank\" rel=\"noreferrer noopener\">L&rsquo;isolation<\/a><br>(Printemps 2022)<\/p>\n\n\n\n<p><a href=\"https:\/\/photos.app.goo.gl\/cmTuzpWdbY1baoCu9\" target=\"_blank\" rel=\"noreferrer noopener\">Le chemin d&rsquo;acc\u00e8s<\/a><br>(2018- 2019)<\/p>\n\n\n\n<p><a href=\"https:\/\/photos.app.goo.gl\/wks4CUAj5jbk8eno8\" target=\"_blank\" rel=\"noreferrer noopener\">Les fen\u00eatres<\/a><br>(Avril 2019)<\/p>\n\n\n\n<p><a href=\"https:\/\/photos.app.goo.gl\/AgAh6ferv36cRwW18\" target=\"_blank\" rel=\"noreferrer noopener\">L&rsquo;atelier<\/a><br><small>(Avril 2019)<\/small><\/p>\n\n\n\n<p><a href=\"https:\/\/photos.app.goo.gl\/BsKxayhxpvKqRwcX6\" target=\"_blank\" rel=\"noreferrer noopener\">Les toitures<\/a><br>(Mars-Avril 2019)<\/p>\n\n\n\n<p><a href=\"https:\/\/photos.app.goo.gl\/5oCq1Lr7Vi4ktKkn9\" target=\"_blank\" rel=\"noreferrer noopener\">Les ma\u00e7onneries<\/a><br>(f\u00e9vrier-mai 2019)<br>.<\/p>\n\n\n\n<p><a href=\"https:\/\/photos.app.goo.gl\/FntDadFTL6uCN5Fj7\" target=\"_blank\" rel=\"noreferrer noopener\">Les dallages du rez de chauss\u00e9e<\/a><br>(janvier 2019)<\/p>\n\n\n\n<p><a href=\"https:\/\/photos.app.goo.gl\/UfixcR6R1cBSBGzt6\">La cave <\/a><a href=\"https:\/\/photos.app.goo.gl\/UfixcR6R1cBSBGzt6\" target=\"_blank\" rel=\"noreferrer noopener\">1 (2018) : D\u00e9pose du toit et des murs p\u00e9riph\u00e9riques<\/a><\/p>\n\n\n\n<p><a href=\"https:\/\/photos.app.goo.gl\/oR27J26fPwFLRDfF7\">La cave<\/a> <small><a href=\"https:\/\/photos.app.goo.gl\/oR27J26fPwFLRDfF7\" target=\"_blank\" rel=\"noreferrer noopener\"><strong>2 (2018) : D\u00e9pose de la vo\u00fbte<\/strong><\/a><\/small><\/p>\n","protected":false},"excerpt":{"rendered":"<p>..ici \u00a0seront rapport\u00e9s les travaux plus g\u00e9n\u00e9raux qui porteront sur un ensemble de pi\u00e8ces ou d&rsquo;un \u00e9tage&#8230; L&rsquo;isolation(Printemps 2022) Le chemin d&rsquo;acc\u00e8s(2018- 2019) Les fen\u00eatres(Avril 2019) L&rsquo;atelier(Avril 2019) Les toitures(Mars-Avril 2019) Les ma\u00e7onneries(f\u00e9vrier-mai 2019). Les dallages du rez de chauss\u00e9e(janvier 2019) La cave 1 (2018) : D\u00e9pose du toit et [&hellip;]<\/p>\n","protected":false},"author":1,"featured_media":455,"parent":0,"menu_order":0,"comment_status":"closed","ping_status":"closed","template":"","meta":{"_monsterinsights_skip_tracking":false,"_monsterinsights_sitenote_active":false,"_monsterinsights_sitenote_note":"","_monsterinsights_sitenote_category":0,"footnotes":""},"_links":{"self":[{"href":"https:\/\/vernizy.fr\/index.php?rest_route=\/wp\/v2\/pages\/454"}],"collection":[{"href":"https:\/\/vernizy.fr\/index.php?rest_route=\/wp\/v2\/pages"}],"about":[{"href":"https:\/\/vernizy.fr\/index.php?rest_route=\/wp\/v2\/types\/page"}],"author":[{"embeddable":true,"href":"https:\/\/vernizy.fr\/index.php?rest_route=\/wp\/v2\/users\/1"}],"replies":[{"embeddable":true,"href":"https:\/\/vernizy.fr\/index.php?rest_route=%2Fwp%2Fv2%2Fcomments&post=454"}],"version-history":[{"count":3,"href":"https:\/\/vernizy.fr\/index.php?rest_route=\/wp\/v2\/pages\/454\/revisions"}],"predecessor-version":[{"id":464,"href":"https:\/\/vernizy.fr\/index.php?rest_route=\/wp\/v2\/pages\/454\/revisions\/464"}],"wp:featuredmedia":[{"embeddable":true,"href":"https:\/\/vernizy.fr\/index.php?rest_route=\/wp\/v2\/media\/455"}],"wp:attachment":[{"href":"https:\/\/vernizy.fr\/index.php?rest_route=%2Fwp%2Fv2%2Fmedia&parent=454"}],"curies":[{"name":"wp","href":"https:\/\/api.w.org\/{rel}","templated":true}]}}